{"id":4222,"date":"2019-11-15T23:54:49","date_gmt":"2019-11-15T21:54:49","guid":{"rendered":"https:\/\/www.algotronics.fi\/museum\/"},"modified":"2021-02-26T14:51:32","modified_gmt":"2021-02-26T12:51:32","slug":"museum","status":"publish","type":"page","link":"https:\/\/www.algotronics.fi\/fi\/museum\/","title":{"rendered":"Museo"},"content":{"rendered":"<p>T\u00e4\u00e4lt\u00e4 l\u00f6ytyy asioita, jotka olivat kerran uusia<\/p>\n<h2>10.4.2019 Coming Soon<\/h2>\n<p>\t\t\t\t\t\t\t\t\t\t<img loading=\"lazy\" decoding=\"async\" width=\"1024\" height=\"576\" src=\"https:\/\/www.algotronics.fi\/wp-content\/uploads\/2020\/04\/Algotronics20-1024x576.jpg\" alt=\"\" loading=\"lazy\" srcset=\"https:\/\/www.algotronics.fi\/wp-content\/uploads\/2020\/04\/Algotronics20-1024x576.jpg 1024w, https:\/\/www.algotronics.fi\/wp-content\/uploads\/2020\/04\/Algotronics20-300x169.jpg 300w, https:\/\/www.algotronics.fi\/wp-content\/uploads\/2020\/04\/Algotronics20-768x432.jpg 768w, https:\/\/www.algotronics.fi\/wp-content\/uploads\/2020\/04\/Algotronics20-1536x863.jpg 1536w, https:\/\/www.algotronics.fi\/wp-content\/uploads\/2020\/04\/Algotronics20.jpg 1909w\" sizes=\"auto, (max-width: 1024px) 100vw, 1024px\" \/>\t\t\t\t\t\t\t\t\t\t\t<\/p>\n<h2>10.4.2019 Coming Soon<\/h2>\n<p>Sivu ilmestyi www.algotronics.fi, ennen kuin t\u00e4m\u00e4 sivusto julkaistiin 20.6.2019<\/p>\n<div style=\"width: 640px;\" class=\"wp-video\"><video class=\"wp-video-shortcode\" id=\"video-4222-1\" width=\"640\" height=\"360\" preload=\"metadata\" controls=\"controls\"><source type=\"video\/mp4\" src=\"https:\/\/www.algotronics.fi\/wp-content\/uploads\/2019\/04\/ComingSoon.mp4?_=1\" \/><a href=\"https:\/\/www.algotronics.fi\/wp-content\/uploads\/2019\/04\/ComingSoon.mp4\">https:\/\/www.algotronics.fi\/wp-content\/uploads\/2019\/04\/ComingSoon.mp4<\/a><\/video><\/div>\n","protected":false},"excerpt":{"rendered":"<p>T\u00e4\u00e4lt\u00e4 l\u00f6ytyy asioita, jotka olivat kerran uusia 10.4.2019 Coming Soon 10.4.2019 Coming Soon Sivu ilmestyi www.algotronics.fi, ennen kuin t\u00e4m\u00e4 sivusto julkaistiin 20.6.2019 https:\/\/www.algotronics.fi\/wp-content\/uploads\/2019\/04\/ComingSoon.mp4<\/p>\n","protected":false},"author":1,"featured_media":0,"parent":0,"menu_order":0,"comment_status":"closed","ping_status":"closed","template":"","meta":{"_monsterinsights_skip_tracking":false,"_monsterinsights_sitenote_active":false,"_monsterinsights_sitenote_note":"","_monsterinsights_sitenote_category":0,"footnotes":""},"class_list":["post-4222","page","type-page","status-publish","hentry","wpbf-post"],"_links":{"self":[{"href":"https:\/\/www.algotronics.fi\/fi\/wp-json\/wp\/v2\/pages\/4222","targetHints":{"allow":["GET"]}}],"collection":[{"href":"https:\/\/www.algotronics.fi\/fi\/wp-json\/wp\/v2\/pages"}],"about":[{"href":"https:\/\/www.algotronics.fi\/fi\/wp-json\/wp\/v2\/types\/page"}],"author":[{"embeddable":true,"href":"https:\/\/www.algotronics.fi\/fi\/wp-json\/wp\/v2\/users\/1"}],"replies":[{"embeddable":true,"href":"https:\/\/www.algotronics.fi\/fi\/wp-json\/wp\/v2\/comments?post=4222"}],"version-history":[{"count":0,"href":"https:\/\/www.algotronics.fi\/fi\/wp-json\/wp\/v2\/pages\/4222\/revisions"}],"wp:attachment":[{"href":"https:\/\/www.algotronics.fi\/fi\/wp-json\/wp\/v2\/media?parent=4222"}],"curies":[{"name":"wp","href":"https:\/\/api.w.org\/{rel}","templated":true}]}}