{"id":4257,"date":"2019-11-17T17:30:36","date_gmt":"2019-11-17T15:30:36","guid":{"rendered":"https:\/\/www.algotronics.fi\/blogi\/"},"modified":"2019-12-21T08:53:32","modified_gmt":"2019-12-21T06:53:32","slug":"blogi","status":"publish","type":"page","link":"https:\/\/www.algotronics.fi\/fi\/blogi\/","title":{"rendered":"Blogi"},"content":{"rendered":"\t\t<div data-elementor-type=\"wp-post\" data-elementor-id=\"4257\" class=\"elementor elementor-4257 elementor-3669\" data-elementor-post-type=\"page\">\n\t\t\t\t\t\t<section class=\"elementor-section elementor-top-section elementor-element elementor-element-9b13a6c elementor-section-boxed elementor-section-height-default elementor-section-height-default\" data-id=\"9b13a6c\" data-element_type=\"section\" data-e-type=\"section\">\n\t\t\t\t\t\t<div class=\"elementor-container elementor-column-gap-default\">\n\t\t\t\t\t<div class=\"elementor-column elementor-col-100 elementor-top-column elementor-element elementor-element-aa18707\" data-id=\"aa18707\" data-element_type=\"column\" data-e-type=\"column\">\n\t\t\t<div class=\"elementor-widget-wrap elementor-element-populated\">\n\t\t\t\t\t\t<div class=\"elementor-element elementor-element-603eae2 elementor-widget elementor-widget-global elementor-global-4409 elementor-global-4402 elementor-widget-heading\" data-id=\"603eae2\" data-element_type=\"widget\" data-e-type=\"widget\" data-widget_type=\"heading.default\">\n\t\t\t\t<div class=\"elementor-widget-container\">\n\t\t\t\t\t<h6 class=\"elementor-heading-title elementor-size-default\">Huom! T\u00e4m\u00e4 sivu on konek\u00e4\u00e4nn\u00f6s ruotsista. Joskus onnistuu, joskus ei. Napsauta painiketta oikeassa reunassa jos haluat autta meit\u00e4 k\u00e4\u00e4nn\u00f6ksess\u00e4.<\/h6>\t\t\t\t<\/div>\n\t\t\t\t<\/div>\n\t\t\t\t\t<\/div>\n\t\t<\/div>\n\t\t\t\t\t<\/div>\n\t\t<\/section>\n\t\t\t\t<section class=\"elementor-section elementor-top-section elementor-element elementor-element-f1e1de5 elementor-section-full_width elementor-section-height-default elementor-section-height-default\" data-id=\"f1e1de5\" data-element_type=\"section\" data-e-type=\"section\">\n\t\t\t\t\t\t<div class=\"elementor-container elementor-column-gap-default\">\n\t\t\t\t\t<div class=\"elementor-column elementor-col-100 elementor-top-column elementor-element elementor-element-d2e7a99\" data-id=\"d2e7a99\" data-element_type=\"column\" data-e-type=\"column\">\n\t\t\t<div class=\"elementor-widget-wrap elementor-element-populated\">\n\t\t\t\t\t\t<div class=\"elementor-element elementor-element-8d7dbf9 elementor-widget elementor-widget-global elementor-global-6640 elementor-widget-lae-posts-block\" data-id=\"8d7dbf9\" data-element_type=\"widget\" data-e-type=\"widget\" data-widget_type=\"lae-posts-block.default\">\n\t\t\t\t<div class=\"elementor-widget-container\">\n\t\t\t\t\t<div id=\"lae-block-uid-69df091fa0da1\" class=\"lae-container lae-block lae-block-posts lae-block-8 lae-block-header-expanded lae-block-header-6 block-1 lae-block-uid-69df091fa0da1\"  data-block-uid='lae-block-uid-69df091fa0da1' data-action='lae_load_posts_block' data-query='{&quot;orderby&quot;:&quot;date&quot;,&quot;order&quot;:&quot;DESC&quot;,&quot;ignore_sticky_posts&quot;:1,&quot;post_status&quot;:&quot;publish&quot;,&quot;posts_per_page&quot;:8,&quot;offset&quot;:0,&quot;post_type&quot;:&quot;post&quot;,&quot;tax_query&quot;:{&quot;relation&quot;:&quot;OR&quot;,&quot;0&quot;:{&quot;taxonomy&quot;:&quot;category&quot;,&quot;field&quot;:&quot;slug&quot;,&quot;terms&quot;:&quot;aktuellt&quot;},&quot;1&quot;:{&quot;taxonomy&quot;:&quot;category&quot;,&quot;field&quot;:&quot;slug&quot;,&quot;terms&quot;:&quot;fiber&quot;},&quot;2&quot;:{&quot;taxonomy&quot;:&quot;category&quot;,&quot;field&quot;:&quot;slug&quot;,&quot;terms&quot;:&quot;iot&quot;},&quot;3&quot;:{&quot;taxonomy&quot;:&quot;category&quot;,&quot;field&quot;:&quot;slug&quot;,&quot;terms&quot;:&quot;omvalvande&quot;},&quot;4&quot;:{&quot;taxonomy&quot;:&quot;category&quot;,&quot;field&quot;:&quot;slug&quot;,&quot;terms&quot;:&quot;sprak&quot;},&quot;5&quot;:{&quot;taxonomy&quot;:&quot;category&quot;,&quot;field&quot;:&quot;slug&quot;,&quot;terms&quot;:&quot;vr&quot;}},&quot;paged&quot;:1}' data-settings='{&quot;block_class&quot;:&quot;block-1&quot;,&quot;heading&quot;:&quot;Algotronics Ab&quot;,&quot;heading_url&quot;:{&quot;url&quot;:&quot;https:\\\/\\\/www.algotronics.fi\\\/blogg-2\\\/&quot;,&quot;is_external&quot;:&quot;true&quot;,&quot;nofollow&quot;:&quot;&quot;,&quot;custom_attributes&quot;:&quot;&quot;},&quot;taxonomy_chosen&quot;:&quot;category&quot;,&quot;header_template&quot;:&quot;block_header_6&quot;,&quot;block_type&quot;:&quot;block_8&quot;,&quot;grid_skin&quot;:&quot;classic-skin&quot;,&quot;item_template&quot;:&quot;&quot;,&quot;grid_template&quot;:&quot;&quot;,&quot;display_title_on_thumbnail&quot;:true,&quot;display_taxonomy_on_thumbnail&quot;:true,&quot;display_title&quot;:true,&quot;display_summary&quot;:true,&quot;rich_text_excerpt&quot;:false,&quot;display_excerpt_lightbox&quot;:true,&quot;display_read_more&quot;:false,&quot;read_more_text&quot;:&quot;L\\u00e4s mer&quot;,&quot;display_author&quot;:false,&quot;display_post_date&quot;:true,&quot;display_comments&quot;:true,&quot;display_taxonomy&quot;:false,&quot;display_product_quick_view&quot;:true,&quot;display_product_price&quot;:true,&quot;display_add_to_cart_button&quot;:true,&quot;display_wish_list_button&quot;:true,&quot;display_product_rating&quot;:true,&quot;thumbnail_size_size&quot;:&quot;medium_large&quot;,&quot;thumbnail_size_custom_dimension&quot;:[],&quot;filterable&quot;:true,&quot;layout_mode&quot;:&quot;fitRows&quot;,&quot;per_line&quot;:3,&quot;per_line_tablet&quot;:2,&quot;per_line_mobile&quot;:1,&quot;per_line1&quot;:2,&quot;per_line2&quot;:4,&quot;per_line2_tablet&quot;:2,&quot;per_line2_mobile&quot;:1,&quot;image_linkable&quot;:true,&quot;post_link_new_window&quot;:false,&quot;excerpt_length&quot;:50,&quot;enable_lightbox&quot;:true,&quot;pagination&quot;:&quot;infinite_scroll&quot;,&quot;show_remaining&quot;:true,&quot;heading_tag&quot;:&quot;h3&quot;,&quot;title_tag&quot;:&quot;h3&quot;,&quot;entry_title_tag&quot;:&quot;h3&quot;,&quot;taxonomies&quot;:[&quot;category&quot;]}' data-taxonomies='[&quot;category&quot;]' data-total='3' data-current='1' data-maxpages='1' data-filter-term='' data-filter-taxonomy=''><div class=\"lae-block-header\"><h3 class=\"lae-heading\"><a href=\"https:\/\/www.algotronics.fi\/blogg-2\/\" title=\"Algotronics Ab\" target=\"_blank\">Algotronics Ab<\/a><\/h3><div class=\"lae-taxonomy-filter\"><div class=\"lae-filter-item segment-0 lae-active\"><a data-term-id=\"\" data-taxonomy=\"\" href=\"#\">All<\/a><\/div><div class=\"lae-filter-item segment-1\"><a href=\"#\" data-term-id=\"34\" data-taxonomy=\"category\" title=\"View all items filed under Blogi\">Blogi<\/a><\/div><div class=\"lae-filter-item segment-2\"><a href=\"#\" data-term-id=\"29\" data-taxonomy=\"category\" title=\"View all items filed under Kuitua\">Kuitua<\/a><\/div><div class=\"lae-filter-item segment-3\"><a href=\"#\" data-term-id=\"35\" data-taxonomy=\"category\" title=\"View all items filed under Iot\">Iot<\/a><\/div><div class=\"lae-filter-item segment-4\"><a href=\"#\" data-term-id=\"179\" data-taxonomy=\"category\" title=\"View all items filed under H\u00e4iritsev\u00e4\">H\u00e4iritsev\u00e4<\/a><\/div><div class=\"lae-filter-item segment-5\"><a href=\"#\" data-term-id=\"181\" data-taxonomy=\"category\" title=\"View all items filed under Kieli\">Kieli<\/a><\/div><div class=\"lae-filter-item segment-6\"><a href=\"#\" data-term-id=\"36\" data-taxonomy=\"category\" title=\"View all items filed under VR\">VR<\/a><\/div><\/div><\/div><div class=\"lae-block-inner lae-grid-container  lae-grid-desktop-1 lae-grid-tablet-1 lae-grid-mobile-1\"><div class=\"lae-block-column lae-grid-item\">\n        <div class=\"lae-module-7 lae-module\">\n\n            <div class=\"lae-module-image\">\n\n                <a class=\"lae-post-link\" href=\"https:\/\/www.algotronics.fi\/fi\/nain-kuitukaapelia-aurataan\/\"><img fetchpriority=\"high\" decoding=\"async\" width=\"768\" height=\"510\" src=\"https:\/\/www.algotronics.fi\/wp-content\/uploads\/2025\/01\/Fiberplogning-768x510.jpg\" class=\"lae-image attachment-medium_large size-medium_large\" alt=\"Fiberplogning\" title=\"Fiberplogning\" srcset=\"https:\/\/www.algotronics.fi\/wp-content\/uploads\/2025\/01\/Fiberplogning-768x510.jpg 768w, https:\/\/www.algotronics.fi\/wp-content\/uploads\/2025\/01\/Fiberplogning-300x199.jpg 300w, https:\/\/www.algotronics.fi\/wp-content\/uploads\/2025\/01\/Fiberplogning.jpg 967w\" sizes=\"(max-width: 768px) 100vw, 768px\" \/><\/a>\n                <a class=\"lae-lightbox-item lae-click-icon\" data-elementor-open-lightbox=\"no\" data-fancybox=\"block-1\" data-thumb=\"https:\/\/www.algotronics.fi\/wp-content\/uploads\/2025\/01\/Fiberplogning-150x150.jpg\" data-post-link=\"https:\/\/www.algotronics.fi\/fi\/nain-kuitukaapelia-aurataan\/\" data-post-excerpt=\"\" href=\"https:\/\/www.algotronics.fi\/wp-content\/uploads\/2025\/01\/Fiberplogning.jpg\" title=\"N\u00e4in kuitukaapelia aurataan\"><i class=\"lae-icon-full-screen\"><\/i><\/a>\n            <\/div>\n\n            <div class=\"lae-entry-details\">\n\n                <h3 class=\"entry-title\"><a href=\"https:\/\/www.algotronics.fi\/fi\/nain-kuitukaapelia-aurataan\/\" title=\"N\u00e4in kuitukaapelia aurataan\" rel=\"bookmark\">N\u00e4in kuitukaapelia aurataan<\/a><\/h3>\n                <div class=\"lae-module-meta\">\n\n                    \n                    <span class=\"published\"><abbr title=\"maanantai, tammikuu, 2025, 6:19 am\">13.1.2025<\/abbr><\/span>\n                    <span class=\"lae-comments\"><\/span>\n                    \n                <\/div>\n\n                <div class=\"lae-excerpt\">\n\n                    <div class=\"entry-summary\"><\/div><!-- .entry-summary -->\n                <\/div>\n\n                \n            <\/div>\n\n        <\/div>\n\n        \n        <div class=\"lae-module-7 lae-module\">\n\n            <div class=\"lae-module-image\">\n\n                <a class=\"lae-post-link\" href=\"https:\/\/www.algotronics.fi\/fi\/internet-yhteyksien-profilointia\/\"><img decoding=\"async\" width=\"768\" height=\"576\" src=\"https:\/\/www.algotronics.fi\/wp-content\/uploads\/2020\/06\/IMG_2917-768x576.jpg\" class=\"lae-image attachment-medium_large size-medium_large\" alt=\"Internet-yhteyden profiilit\" title=\"Internet-yhteyden profiilit\" srcset=\"https:\/\/www.algotronics.fi\/wp-content\/uploads\/2020\/06\/IMG_2917-768x576.jpg 768w, https:\/\/www.algotronics.fi\/wp-content\/uploads\/2020\/06\/IMG_2917-300x225.jpg 300w, https:\/\/www.algotronics.fi\/wp-content\/uploads\/2020\/06\/IMG_2917-1024x768.jpg 1024w, https:\/\/www.algotronics.fi\/wp-content\/uploads\/2020\/06\/IMG_2917-1536x1152.jpg 1536w, https:\/\/www.algotronics.fi\/wp-content\/uploads\/2020\/06\/IMG_2917-2048x1536.jpg 2048w\" sizes=\"(max-width: 768px) 100vw, 768px\" \/><\/a>\n                <a class=\"lae-lightbox-item lae-click-icon\" data-elementor-open-lightbox=\"no\" data-fancybox=\"block-1\" data-thumb=\"https:\/\/www.algotronics.fi\/wp-content\/uploads\/2020\/06\/IMG_2917-150x150.jpg\" data-post-link=\"https:\/\/www.algotronics.fi\/fi\/internet-yhteyksien-profilointia\/\" data-post-excerpt=\"Originalspr\u00e5k svenska Saatko Internet-nopeuden, jonka maksat? Jos kysyt Internet-palveluntarjoajaltasi, vastaus on aina &quot;Kyll\u00e4&quot;. Jos kysyt Internetin k\u00e4ytt\u00e4jilt\u00e4, vastaus on &quot;Ei&quot;. Tai &quot;Joskus&quot;. On vaikea sanoa, kuka on oikeassa, koska Internetin todellista nopeutta ei voi mitata. Huomaa, ett\u00e4 Speedtest ei n\u00e4yt\u00e4 internet-palveluntarjoajalta saamaasi nopeutta. Se osoittaa, paljonko sinulla on viel\u00e4 rahaa.\u2026\" href=\"https:\/\/www.algotronics.fi\/wp-content\/uploads\/2020\/06\/IMG_2917-scaled.jpg\" title=\"Internet-nopeuksien mittaaminen\"><i class=\"lae-icon-full-screen\"><\/i><\/a>\n            <\/div>\n\n            <div class=\"lae-entry-details\">\n\n                <h3 class=\"entry-title\"><a href=\"https:\/\/www.algotronics.fi\/fi\/internet-yhteyksien-profilointia\/\" title=\"Internet-nopeuksien mittaaminen\" rel=\"bookmark\">Internet-nopeuksien mittaaminen<\/a><\/h3>\n                <div class=\"lae-module-meta\">\n\n                    \n                    <span class=\"published\"><abbr title=\"maanantai, kes\u00e4kuu, 2020, 9:15 pm\">15.6.2020<\/abbr><\/span>\n                    <span class=\"lae-comments\"><\/span>\n                    \n                <\/div>\n\n                <div class=\"lae-excerpt\">\n\n                    <div class=\"entry-summary\">Originalspr\u00e5k svenska Saatko Internet-nopeuden, jonka maksat? Jos kysyt Internet-palveluntarjoajaltasi, vastaus on aina \"Kyll\u00e4\". Jos kysyt Internetin k\u00e4ytt\u00e4jilt\u00e4, vastaus on \"Ei\". Tai \"Joskus\". On vaikea sanoa, kuka on oikeassa, koska Internetin todellista nopeutta ei voi mitata. Huomaa, ett\u00e4 Speedtest ei n\u00e4yt\u00e4 internet-palveluntarjoajalta saamaasi nopeutta. Se osoittaa, paljonko sinulla on viel\u00e4 rahaa.\u2026<\/div><!-- .entry-summary -->\n                <\/div>\n\n                \n            <\/div>\n\n        <\/div>\n\n        \n        <div class=\"lae-module-7 lae-module\">\n\n            <div class=\"lae-module-image\">\n\n                <a class=\"lae-post-link\" href=\"https:\/\/www.algotronics.fi\/fi\/sveriges-tv-utomlands\/\"><img decoding=\"async\" width=\"768\" height=\"512\" src=\"https:\/\/www.algotronics.fi\/wp-content\/uploads\/2019\/12\/OpenSvtPlay-768x512.jpg\" class=\"lae-image attachment-medium_large size-medium_large\" alt=\"OpenSvtPlay\" title=\"OpenSvtPlay\" srcset=\"https:\/\/www.algotronics.fi\/wp-content\/uploads\/2019\/12\/OpenSvtPlay-768x512.jpg 768w, https:\/\/www.algotronics.fi\/wp-content\/uploads\/2019\/12\/OpenSvtPlay-300x200.jpg 300w, https:\/\/www.algotronics.fi\/wp-content\/uploads\/2019\/12\/OpenSvtPlay-1024x683.jpg 1024w, https:\/\/www.algotronics.fi\/wp-content\/uploads\/2019\/12\/OpenSvtPlay-1536x1024.jpg 1536w, https:\/\/www.algotronics.fi\/wp-content\/uploads\/2019\/12\/OpenSvtPlay.jpg 1800w\" sizes=\"(max-width: 768px) 100vw, 768px\" \/><\/a>\n                <a class=\"lae-lightbox-item lae-click-icon\" data-elementor-open-lightbox=\"no\" data-fancybox=\"block-1\" data-thumb=\"https:\/\/www.algotronics.fi\/wp-content\/uploads\/2019\/12\/OpenSvtPlay-150x150.jpg\" data-post-link=\"https:\/\/www.algotronics.fi\/fi\/sveriges-tv-utomlands\/\" data-post-excerpt=\"Visste du att det g\u00e5r att se p\u00e5 Sveriges TV trots att man inte befinner sig i Sverige? Det \u00e4r lagligt och kan till och med vara gratis.\" href=\"https:\/\/www.algotronics.fi\/wp-content\/uploads\/2019\/12\/OpenSvtPlay.jpg\" title=\"Sveriges TV utomlands\"><i class=\"lae-icon-full-screen\"><\/i><\/a>\n            <\/div>\n\n            <div class=\"lae-entry-details\">\n\n                <h3 class=\"entry-title\"><a href=\"https:\/\/www.algotronics.fi\/fi\/sveriges-tv-utomlands\/\" title=\"Sveriges TV utomlands\" rel=\"bookmark\">Sveriges TV utomlands<\/a><\/h3>\n                <div class=\"lae-module-meta\">\n\n                    \n                    <span class=\"published\"><abbr title=\"sunnuntai, joulukuu, 2019, 4:35 pm\">8.12.2019<\/abbr><\/span>\n                    <span class=\"lae-comments\"><a href=\"https:\/\/www.algotronics.fi\/fi\/sveriges-tv-utomlands\/#comments\" title=\"Comment on Sveriges TV utomlands\">3 Comments<\/a><\/span>\n                    \n                <\/div>\n\n                <div class=\"lae-excerpt\">\n\n                    <div class=\"entry-summary\">Visste du att det g\u00e5r att se p\u00e5 Sveriges TV trots att man inte befinner sig i Sverige? Det \u00e4r lagligt och kan till och med vara gratis.<\/div><!-- .entry-summary -->\n                <\/div>\n\n                \n            <\/div>\n\n        <\/div>\n\n        <\/div><\/div><!-- .block-inner --><\/div><!-- .block -->\t\t\t\t<\/div>\n\t\t\t\t<\/div>\n\t\t\t\t\t<\/div>\n\t\t<\/div>\n\t\t\t\t\t<\/div>\n\t\t<\/section>\n\t\t\t\t<\/div>\n\t\t","protected":false},"excerpt":{"rendered":"<p>Originalspr\u00e5k svenska AllAktuelltFiberIoTOmv\u00e4lvandeSpr\u00e5kVR Sveriges TV utomlands 04.12.2019 5 Comments Visste du att det g\u00e5r att se p\u00e5 Sveriges TV trots att man inte befinner sig i Sverige? Det \u00e4r lagligt och kan till och med vara gratis. Yle: VR i Jakobstad 17.06.2019 No Comments Den som lider av sm\u00e4rta eller inte kan r\u00f6ra sig normalt [&hellip;]<\/p>\n","protected":false},"author":1,"featured_media":0,"parent":0,"menu_order":0,"comment_status":"closed","ping_status":"closed","template":"","meta":{"_monsterinsights_skip_tracking":false,"_monsterinsights_sitenote_active":false,"_monsterinsights_sitenote_note":"","_monsterinsights_sitenote_category":0,"footnotes":""},"class_list":["post-4257","page","type-page","status-publish","hentry","wpbf-post"],"_links":{"self":[{"href":"https:\/\/www.algotronics.fi\/fi\/wp-json\/wp\/v2\/pages\/4257","targetHints":{"allow":["GET"]}}],"collection":[{"href":"https:\/\/www.algotronics.fi\/fi\/wp-json\/wp\/v2\/pages"}],"about":[{"href":"https:\/\/www.algotronics.fi\/fi\/wp-json\/wp\/v2\/types\/page"}],"author":[{"embeddable":true,"href":"https:\/\/www.algotronics.fi\/fi\/wp-json\/wp\/v2\/users\/1"}],"replies":[{"embeddable":true,"href":"https:\/\/www.algotronics.fi\/fi\/wp-json\/wp\/v2\/comments?post=4257"}],"version-history":[{"count":0,"href":"https:\/\/www.algotronics.fi\/fi\/wp-json\/wp\/v2\/pages\/4257\/revisions"}],"wp:attachment":[{"href":"https:\/\/www.algotronics.fi\/fi\/wp-json\/wp\/v2\/media?parent=4257"}],"curies":[{"name":"wp","href":"https:\/\/api.w.org\/{rel}","templated":true}]}}