{"id":5340,"date":"2019-11-26T16:03:41","date_gmt":"2019-11-26T14:03:41","guid":{"rendered":"https:\/\/www.algotronics.fi\/kuitu-verkot\/"},"modified":"2022-01-09T20:01:06","modified_gmt":"2022-01-09T18:01:06","slug":"kuitu-verkot","status":"publish","type":"page","link":"https:\/\/www.algotronics.fi\/fi\/kuitu-verkot\/","title":{"rendered":"Kuitu verkot"},"content":{"rendered":"\t\t<div data-elementor-type=\"wp-post\" data-elementor-id=\"5340\" class=\"elementor elementor-5340 elementor-3489\" data-elementor-post-type=\"page\">\n\t\t\t\t\t\t<section class=\"elementor-section elementor-top-section elementor-element elementor-element-87ebf60 elementor-section-full_width elementor-section-height-default elementor-section-height-default\" data-id=\"87ebf60\" data-element_type=\"section\" data-e-type=\"section\">\n\t\t\t\t\t\t<div class=\"elementor-container elementor-column-gap-default\">\n\t\t\t\t\t<div class=\"elementor-column elementor-col-100 elementor-top-column elementor-element elementor-element-58659c9\" data-id=\"58659c9\" data-element_type=\"column\" data-e-type=\"column\">\n\t\t\t<div class=\"elementor-widget-wrap elementor-element-populated\">\n\t\t\t\t\t\t<div class=\"elementor-element elementor-element-11ab393 elementor-widget elementor-widget-global elementor-global-4409 elementor-global-4402 elementor-widget-heading\" data-id=\"11ab393\" data-element_type=\"widget\" data-e-type=\"widget\" data-widget_type=\"heading.default\">\n\t\t\t\t<div class=\"elementor-widget-container\">\n\t\t\t\t\t<h6 class=\"elementor-heading-title elementor-size-default\">Huom! T\u00e4m\u00e4 sivu on konek\u00e4\u00e4nn\u00f6s ruotsista. Joskus onnistuu, joskus ei. Napsauta painiketta oikeassa reunassa jos haluat autta meit\u00e4 k\u00e4\u00e4nn\u00f6ksess\u00e4.<\/h6>\t\t\t\t<\/div>\n\t\t\t\t<\/div>\n\t\t\t\t<div class=\"elementor-element elementor-element-f6b7ef0 elementor-widget elementor-widget-image\" data-id=\"f6b7ef0\" data-element_type=\"widget\" data-e-type=\"widget\" data-widget_type=\"image.default\">\n\t\t\t\t<div class=\"elementor-widget-container\">\n\t\t\t\t\t\t\t\t\t\t\t\t<figure class=\"wp-caption\">\n\t\t\t\t\t\t\t\t\t\t<img fetchpriority=\"high\" decoding=\"async\" width=\"768\" height=\"1024\" src=\"https:\/\/www.algotronics.fi\/wp-content\/uploads\/2019\/04\/Bild-224-768x1024.jpg\" class=\"attachment-medium_large size-medium_large wp-image-4812\" alt=\"L\u00e4hde: Stefan Elf\" srcset=\"https:\/\/www.algotronics.fi\/wp-content\/uploads\/2019\/04\/Bild-224-768x1024.jpg 768w, https:\/\/www.algotronics.fi\/wp-content\/uploads\/2019\/04\/Bild-224-225x300.jpg 225w\" sizes=\"(max-width: 768px) 100vw, 768px\" \/>\t\t\t\t\t\t\t\t\t\t\t<figcaption class=\"widget-image-caption wp-caption-text\">L\u00e4hde: Stefan Elf<\/figcaption>\n\t\t\t\t\t\t\t\t\t\t<\/figure>\n\t\t\t\t\t\t\t\t\t<\/div>\n\t\t\t\t<\/div>\n\t\t\t\t<div class=\"elementor-element elementor-element-0b7d159 elementor-widget elementor-widget-heading\" data-id=\"0b7d159\" data-element_type=\"widget\" data-e-type=\"widget\" data-widget_type=\"heading.default\">\n\t\t\t\t<div class=\"elementor-widget-container\">\n\t\t\t\t\t<h1 class=\"elementor-heading-title elementor-size-large\">Ilman kuitua<br>ei e-tulevaisuutta<\/h1>\t\t\t\t<\/div>\n\t\t\t\t<\/div>\n\t\t\t\t\t<\/div>\n\t\t<\/div>\n\t\t\t\t\t<\/div>\n\t\t<\/section>\n\t\t\t\t<section class=\"elementor-section elementor-top-section elementor-element elementor-element-1ebb7a5 elementor-section-full_width elementor-section-height-default elementor-section-height-default\" data-id=\"1ebb7a5\" data-element_type=\"section\" data-e-type=\"section\">\n\t\t\t\t\t\t<div class=\"elementor-container elementor-column-gap-default\">\n\t\t\t\t\t<div class=\"elementor-column elementor-col-100 elementor-top-column elementor-element elementor-element-83efd4a\" data-id=\"83efd4a\" data-element_type=\"column\" data-e-type=\"column\">\n\t\t\t<div class=\"elementor-widget-wrap elementor-element-populated\">\n\t\t\t\t\t\t<div class=\"elementor-element elementor-element-b82bdd8 elementor-widget elementor-widget-heading\" data-id=\"b82bdd8\" data-element_type=\"widget\" data-e-type=\"widget\" data-widget_type=\"heading.default\">\n\t\t\t\t<div class=\"elementor-widget-container\">\n\t\t\t\t\t<h2 class=\"elementor-heading-title elementor-size-default\">Asutko maaseudulla ja viel\u00e4 ilman valokuitua?<\/h2>\t\t\t\t<\/div>\n\t\t\t\t<\/div>\n\t\t\t\t<div class=\"elementor-element elementor-element-e49486d elementor-widget elementor-widget-text-editor\" data-id=\"e49486d\" data-element_type=\"widget\" data-e-type=\"widget\" data-widget_type=\"text-editor.default\">\n\t\t\t\t<div class=\"elementor-widget-container\">\n\t\t\t\t\t\t\t\t\t<p>Ett\u00e4 optisia kuitu kaapeleita ei ole kaukana harvaan asutuilla alueilla, Kaikki tiet\u00e4v\u00e4t. Mutta n\u00e4in ei tarvitse olla.<\/p>\n<p>Jos toimijat eiv\u00e4t laajenna kuitu verkkoa sen vuoksi, ett\u00e4 toimijat laajentavat kuitu verkkoa, koska operaattorit ovat markkina syist\u00e4 kyl\u00e4l\u00e4iset voivat itse rakentaa oman kuitu verkoston.<\/p>\n<p><strong>Hy\u00f6dyt ovat kolme:<\/strong><\/p>\n<ol>\n<li>Verkon nopeus on sama kuin operaattoreiden omissa kuitu verkoissa, 1-10 Gbps<\/li>\n<li>Kyl\u00e4l\u00e4iset p\u00e4\u00e4tt\u00e4v\u00e4t itse, olisiko Euroopan unionin muun muassa voitava osallistua neuvotteluihin. sen oman verkon nopeutta.<\/li>\n<li>Yhteys on kiinte\u00e4 ja toimii riippumatta s\u00e4\u00e4st\u00e4, kaudesta ja naapurien selailuista.<\/li>\n<\/ol>\n<p><strong>Haitta puolena on:<\/strong><\/p>\n<ol>\n<li>Pelko siit\u00e4, ett\u00e4 se ei selviytyi teknisest\u00e4 ja taloudellisesta haasteesta.<\/li>\n<\/ol>\n<div>Monet kyl\u00e4t ymp\u00e4ri Suomea ovat jo p\u00e4\u00e4sseet siit\u00e4 pelosta ja rakentaneet omia kyl\u00e4verkkoja. Optowest V\u00e4stnynlandissa on vain yksi esimerkki harvaan asuttujen kuitujen Suomesta.<\/div>\n\t\t\t\t\t\t\t\t<\/div>\n\t\t\t\t<\/div>\n\t\t\t\t\t<\/div>\n\t\t<\/div>\n\t\t\t\t\t<\/div>\n\t\t<\/section>\n\t\t\t\t<section class=\"elementor-section elementor-top-section elementor-element elementor-element-21aba14 elementor-section-boxed elementor-section-height-default elementor-section-height-default\" data-id=\"21aba14\" data-element_type=\"section\" data-e-type=\"section\">\n\t\t\t\t\t\t<div class=\"elementor-container elementor-column-gap-default\">\n\t\t\t\t\t<div class=\"elementor-column elementor-col-100 elementor-top-column elementor-element elementor-element-f548006\" data-id=\"f548006\" data-element_type=\"column\" data-e-type=\"column\">\n\t\t\t<div class=\"elementor-widget-wrap elementor-element-populated\">\n\t\t\t\t\t\t<div class=\"elementor-element elementor-element-6476348 elementor-widget elementor-widget-spacer\" data-id=\"6476348\" data-element_type=\"widget\" data-e-type=\"widget\" data-widget_type=\"spacer.default\">\n\t\t\t\t<div class=\"elementor-widget-container\">\n\t\t\t\t\t\t\t<div class=\"elementor-spacer\">\n\t\t\t<div class=\"elementor-spacer-inner\"><\/div>\n\t\t<\/div>\n\t\t\t\t\t\t<\/div>\n\t\t\t\t<\/div>\n\t\t\t\t<div class=\"elementor-element elementor-element-f42be51 elementor-blockquote--skin-quotation elementor-widget elementor-widget-blockquote\" data-id=\"f42be51\" data-element_type=\"widget\" data-e-type=\"widget\" data-widget_type=\"blockquote.default\">\n\t\t\t\t<div class=\"elementor-widget-container\">\n\t\t\t\t\t\t\t<blockquote class=\"elementor-blockquote\">\n\t\t\t<p class=\"elementor-blockquote__content\">\n\t\t\t\tInternet kasvaa ulkopuolelta ja sis\u00e4\u00e4n. Niiden, joilla on jo Internet, ei tarvitse laajentaa verkkoa. Ulkopuolella olevien on liitytt\u00e4v\u00e4 Internettiin. <br><br>Joten Internet kasvaa ulkopuolelta sis\u00e4\u00e4n p\u00e4in.<br>\t\t\t<\/p>\n\t\t\t\t\t\t\t<div class=\"e-q-footer\">\n\t\t\t\t\t\t\t\t\t\t\t<cite class=\"elementor-blockquote__author\">Guje K\u00e4llberg<\/cite>\n\t\t\t\t\t\t\t\t\t\t\t\t\t\t<\/div>\n\t\t\t\t\t<\/blockquote>\n\t\t\t\t\t\t<\/div>\n\t\t\t\t<\/div>\n\t\t\t\t<div class=\"elementor-element elementor-element-cca67a0 elementor-widget elementor-widget-spacer\" data-id=\"cca67a0\" data-element_type=\"widget\" data-e-type=\"widget\" data-widget_type=\"spacer.default\">\n\t\t\t\t<div class=\"elementor-widget-container\">\n\t\t\t\t\t\t\t<div class=\"elementor-spacer\">\n\t\t\t<div class=\"elementor-spacer-inner\"><\/div>\n\t\t<\/div>\n\t\t\t\t\t\t<\/div>\n\t\t\t\t<\/div>\n\t\t\t\t\t<\/div>\n\t\t<\/div>\n\t\t\t\t\t<\/div>\n\t\t<\/section>\n\t\t\t\t<section class=\"elementor-section elementor-top-section elementor-element elementor-element-0fde7bb elementor-section-full_width elementor-section-height-default elementor-section-height-default\" data-id=\"0fde7bb\" data-element_type=\"section\" data-e-type=\"section\">\n\t\t\t\t\t\t<div class=\"elementor-container elementor-column-gap-default\">\n\t\t\t\t\t<div class=\"elementor-column elementor-col-100 elementor-top-column elementor-element elementor-element-106047a\" data-id=\"106047a\" data-element_type=\"column\" data-e-type=\"column\">\n\t\t\t<div class=\"elementor-widget-wrap elementor-element-populated\">\n\t\t\t\t\t\t<div class=\"elementor-element elementor-element-88ab344 elementor-widget elementor-widget-image\" data-id=\"88ab344\" data-element_type=\"widget\" data-e-type=\"widget\" data-widget_type=\"image.default\">\n\t\t\t\t<div class=\"elementor-widget-container\">\n\t\t\t\t\t\t\t\t\t\t\t\t\t\t\t<img decoding=\"async\" width=\"1024\" height=\"720\" src=\"https:\/\/www.algotronics.fi\/wp-content\/uploads\/2019\/04\/OptowestNetDesign_Sketch__ver_Algotronics-1024x720.jpg\" class=\"attachment-large size-large wp-image-4800\" alt=\"\" srcset=\"https:\/\/www.algotronics.fi\/wp-content\/uploads\/2019\/04\/OptowestNetDesign_Sketch__ver_Algotronics-1024x720.jpg 1024w, https:\/\/www.algotronics.fi\/wp-content\/uploads\/2019\/04\/OptowestNetDesign_Sketch__ver_Algotronics-300x211.jpg 300w, https:\/\/www.algotronics.fi\/wp-content\/uploads\/2019\/04\/OptowestNetDesign_Sketch__ver_Algotronics-768x540.jpg 768w, https:\/\/www.algotronics.fi\/wp-content\/uploads\/2019\/04\/OptowestNetDesign_Sketch__ver_Algotronics.jpg 1075w\" sizes=\"(max-width: 1024px) 100vw, 1024px\" \/>\t\t\t\t\t\t\t\t\t\t\t\t\t\t\t<\/div>\n\t\t\t\t<\/div>\n\t\t\t\t<div class=\"elementor-element elementor-element-26d9e59 elementor-widget elementor-widget-spacer\" data-id=\"26d9e59\" data-element_type=\"widget\" data-e-type=\"widget\" data-widget_type=\"spacer.default\">\n\t\t\t\t<div class=\"elementor-widget-container\">\n\t\t\t\t\t\t\t<div class=\"elementor-spacer\">\n\t\t\t<div class=\"elementor-spacer-inner\"><\/div>\n\t\t<\/div>\n\t\t\t\t\t\t<\/div>\n\t\t\t\t<\/div>\n\t\t\t\t<div class=\"elementor-element elementor-element-1eeba17 elementor-widget elementor-widget-heading\" data-id=\"1eeba17\" data-element_type=\"widget\" data-e-type=\"widget\" data-widget_type=\"heading.default\">\n\t\t\t\t<div class=\"elementor-widget-container\">\n\t\t\t\t\t<h2 class=\"elementor-heading-title elementor-size-default\">Algotronics auttaa kyl\u00e4\u00e4 saada kuitua<\/h2>\t\t\t\t<\/div>\n\t\t\t\t<\/div>\n\t\t\t\t\t<\/div>\n\t\t<\/div>\n\t\t\t\t\t<\/div>\n\t\t<\/section>\n\t\t\t\t<section class=\"elementor-section elementor-top-section elementor-element elementor-element-0d9ffa9 elementor-section-full_width elementor-section-height-default elementor-section-height-default\" data-id=\"0d9ffa9\" data-element_type=\"section\" data-e-type=\"section\">\n\t\t\t\t\t\t<div class=\"elementor-container elementor-column-gap-default\">\n\t\t\t\t\t<div class=\"elementor-column elementor-col-100 elementor-top-column elementor-element elementor-element-2f0b069\" data-id=\"2f0b069\" data-element_type=\"column\" data-e-type=\"column\">\n\t\t\t<div class=\"elementor-widget-wrap elementor-element-populated\">\n\t\t\t\t\t\t<div class=\"elementor-element elementor-element-371b640 elementor-widget elementor-widget-text-editor\" data-id=\"371b640\" data-element_type=\"widget\" data-e-type=\"widget\" data-widget_type=\"text-editor.default\">\n\t\t\t\t<div class=\"elementor-widget-container\">\n\t\t\t\t\t\t\t\t\t<p>Voimme auttaa sinua<\/p>\n<ul>\n<li>Tiedotustilaisuudet<\/li>\n<li>Valtion ja EU:N kuitu tuki hakemukset<\/li>\n<li>Tekninen suunnittelu<\/li>\n<li>Taloudellinen l\u00e4hestymis tapa<\/li>\n<li>Kuitu osuus kuntien muodostaminen<\/li>\n<li>Kuitu kaivaa<\/li>\n<li>Verkoston kest\u00e4v\u00e4 kunnossapito<\/li>\n<\/ul>\n\t\t\t\t\t\t\t\t<\/div>\n\t\t\t\t<\/div>\n\t\t\t\t<div class=\"elementor-element elementor-element-71232df elementor-align-center elementor-widget elementor-widget-button\" data-id=\"71232df\" data-element_type=\"widget\" data-e-type=\"widget\" data-widget_type=\"button.default\">\n\t\t\t\t<div class=\"elementor-widget-container\">\n\t\t\t\t\t\t\t\t\t<div class=\"elementor-button-wrapper\">\n\t\t\t\t\t<a class=\"elementor-button elementor-button-link elementor-size-sm\" href=\"#elementor-action%3Aaction%3Dpopup%3Aopen%26settings%3DeyJpZCI6NDI3NCwidG9nZ2xlIjpmYWxzZX0%3D\">\n\t\t\t\t\t\t<span class=\"elementor-button-content-wrapper\">\n\t\t\t\t\t\t<span class=\"elementor-button-icon\">\n\t\t\t\t<i aria-hidden=\"true\" class=\"fas fa-plug\"><\/i>\t\t\t<\/span>\n\t\t\t\t\t\t\t\t\t<span class=\"elementor-button-text\">Ota meihin yhteytt\u00e4...<\/span>\n\t\t\t\t\t<\/span>\n\t\t\t\t\t<\/a>\n\t\t\t\t<\/div>\n\t\t\t\t\t\t\t\t<\/div>\n\t\t\t\t<\/div>\n\t\t\t\t<div class=\"elementor-element elementor-element-2e7b508 elementor-widget elementor-widget-spacer\" data-id=\"2e7b508\" data-element_type=\"widget\" data-e-type=\"widget\" data-widget_type=\"spacer.default\">\n\t\t\t\t<div class=\"elementor-widget-container\">\n\t\t\t\t\t\t\t<div class=\"elementor-spacer\">\n\t\t\t<div class=\"elementor-spacer-inner\"><\/div>\n\t\t<\/div>\n\t\t\t\t\t\t<\/div>\n\t\t\t\t<\/div>\n\t\t\t\t\t<\/div>\n\t\t<\/div>\n\t\t\t\t\t<\/div>\n\t\t<\/section>\n\t\t\t\t<section class=\"elementor-section elementor-top-section elementor-element elementor-element-bfc4bfe elementor-section-boxed elementor-section-height-default elementor-section-height-default\" data-id=\"bfc4bfe\" data-element_type=\"section\" data-e-type=\"section\">\n\t\t\t\t\t\t<div class=\"elementor-container elementor-column-gap-default\">\n\t\t\t\t\t<div class=\"elementor-column elementor-col-100 elementor-top-column elementor-element elementor-element-ceba3e1\" data-id=\"ceba3e1\" data-element_type=\"column\" data-e-type=\"column\">\n\t\t\t<div class=\"elementor-widget-wrap elementor-element-populated\">\n\t\t\t\t\t\t\t<\/div>\n\t\t<\/div>\n\t\t\t\t\t<\/div>\n\t\t<\/section>\n\t\t\t\t<\/div>\n\t\t","protected":false},"excerpt":{"rendered":"<p>Originalspr\u00e5k svenska Foto: Stefan Elf Ilman kuituaei e-tulevaisuutta Asutko maaseudulla ja viel\u00e4 ilman valokuitua? Ett\u00e4 optisia kuitu kaapeleita ei ole kaukana harvaan asutuilla alueilla, Kaikki tiet\u00e4v\u00e4t. Mutta n\u00e4in ei tarvitse olla. Jos toimijat eiv\u00e4t laajenna kuitu verkkoa sen vuoksi, ett\u00e4 toimijat laajentavat kuitu verkkoa, koska operaattorit ovat markkina syist\u00e4 kyl\u00e4l\u00e4iset voivat itse rakentaa oman kuitu [&hellip;]<\/p>\n","protected":false},"author":1,"featured_media":0,"parent":0,"menu_order":0,"comment_status":"closed","ping_status":"closed","template":"","meta":{"_monsterinsights_skip_tracking":false,"_monsterinsights_sitenote_active":false,"_monsterinsights_sitenote_note":"","_monsterinsights_sitenote_category":0,"footnotes":""},"class_list":["post-5340","page","type-page","status-publish","hentry","wpbf-post"],"_links":{"self":[{"href":"https:\/\/www.algotronics.fi\/fi\/wp-json\/wp\/v2\/pages\/5340","targetHints":{"allow":["GET"]}}],"collection":[{"href":"https:\/\/www.algotronics.fi\/fi\/wp-json\/wp\/v2\/pages"}],"about":[{"href":"https:\/\/www.algotronics.fi\/fi\/wp-json\/wp\/v2\/types\/page"}],"author":[{"embeddable":true,"href":"https:\/\/www.algotronics.fi\/fi\/wp-json\/wp\/v2\/users\/1"}],"replies":[{"embeddable":true,"href":"https:\/\/www.algotronics.fi\/fi\/wp-json\/wp\/v2\/comments?post=5340"}],"version-history":[{"count":0,"href":"https:\/\/www.algotronics.fi\/fi\/wp-json\/wp\/v2\/pages\/5340\/revisions"}],"wp:attachment":[{"href":"https:\/\/www.algotronics.fi\/fi\/wp-json\/wp\/v2\/media?parent=5340"}],"curies":[{"name":"wp","href":"https:\/\/api.w.org\/{rel}","templated":true}]}}