{"id":5918,"date":"2019-12-02T14:53:25","date_gmt":"2019-12-02T12:53:25","guid":{"rendered":"https:\/\/www.algotronics.fi\/tietoja-meista-2\/"},"modified":"2021-02-26T16:43:02","modified_gmt":"2021-02-26T14:43:02","slug":"tietoja-meista-2","status":"publish","type":"page","link":"https:\/\/www.algotronics.fi\/fi\/tietoja-meista-2\/","title":{"rendered":"Yritys"},"content":{"rendered":"\t\t<div data-elementor-type=\"wp-post\" data-elementor-id=\"5918\" class=\"elementor elementor-5918 elementor-3649\" data-elementor-post-type=\"page\">\n\t\t\t\t\t\t<section class=\"elementor-section elementor-top-section elementor-element elementor-element-838fc60 elementor-section-boxed elementor-section-height-default elementor-section-height-default\" data-id=\"838fc60\" data-element_type=\"section\" data-e-type=\"section\" data-settings=\"{&quot;animation&quot;:&quot;none&quot;}\">\n\t\t\t\t\t\t<div class=\"elementor-container elementor-column-gap-default\">\n\t\t\t\t\t<div class=\"elementor-column elementor-col-100 elementor-top-column elementor-element elementor-element-589dc98\" data-id=\"589dc98\" data-element_type=\"column\" data-e-type=\"column\">\n\t\t\t<div class=\"elementor-widget-wrap elementor-element-populated\">\n\t\t\t\t\t\t<div class=\"elementor-element elementor-element-33756a2 elementor-widget elementor-widget-global elementor-global-4409 elementor-global-4402 elementor-widget-heading\" data-id=\"33756a2\" data-element_type=\"widget\" data-e-type=\"widget\" data-widget_type=\"heading.default\">\n\t\t\t\t<div class=\"elementor-widget-container\">\n\t\t\t\t\t<h6 class=\"elementor-heading-title elementor-size-default\">Huom! T\u00e4m\u00e4 sivu on konek\u00e4\u00e4nn\u00f6s ruotsista. Joskus onnistuu, joskus ei. Napsauta painiketta oikeassa reunassa jos haluat autta meit\u00e4 k\u00e4\u00e4nn\u00f6ksess\u00e4.<\/h6>\t\t\t\t<\/div>\n\t\t\t\t<\/div>\n\t\t\t\t<div class=\"elementor-element elementor-element-426cc3d elementor-widget elementor-widget-spacer\" data-id=\"426cc3d\" data-element_type=\"widget\" data-e-type=\"widget\" data-widget_type=\"spacer.default\">\n\t\t\t\t<div class=\"elementor-widget-container\">\n\t\t\t\t\t\t\t<div class=\"elementor-spacer\">\n\t\t\t<div class=\"elementor-spacer-inner\"><\/div>\n\t\t<\/div>\n\t\t\t\t\t\t<\/div>\n\t\t\t\t<\/div>\n\t\t\t\t<div class=\"elementor-element elementor-element-194f1fa elementor-widget elementor-widget-heading\" data-id=\"194f1fa\" data-element_type=\"widget\" data-e-type=\"widget\" data-widget_type=\"heading.default\">\n\t\t\t\t<div class=\"elementor-widget-container\">\n\t\t\t\t\t<h1 class=\"elementor-heading-title elementor-size-xl\">eWelcome on liiketoimintamme<\/h1>\t\t\t\t<\/div>\n\t\t\t\t<\/div>\n\t\t\t\t<div class=\"elementor-element elementor-element-85769a4 elementor-widget elementor-widget-spacer\" data-id=\"85769a4\" data-element_type=\"widget\" data-e-type=\"widget\" data-widget_type=\"spacer.default\">\n\t\t\t\t<div class=\"elementor-widget-container\">\n\t\t\t\t\t\t\t<div class=\"elementor-spacer\">\n\t\t\t<div class=\"elementor-spacer-inner\"><\/div>\n\t\t<\/div>\n\t\t\t\t\t\t<\/div>\n\t\t\t\t<\/div>\n\t\t\t\t<div class=\"elementor-element elementor-element-db67e75 elementor-position-top elementor-widget elementor-widget-image-box\" data-id=\"db67e75\" data-element_type=\"widget\" data-e-type=\"widget\" data-settings=\"{&quot;_animation&quot;:&quot;none&quot;}\" data-widget_type=\"image-box.default\">\n\t\t\t\t<div class=\"elementor-widget-container\">\n\t\t\t\t\t<div class=\"elementor-image-box-wrapper\"><figure class=\"elementor-image-box-img\"><img fetchpriority=\"high\" decoding=\"async\" width=\"1333\" height=\"995\" src=\"https:\/\/www.algotronics.fi\/wp-content\/uploads\/2021\/02\/Guje_6.jpg\" class=\"elementor-animation-float attachment-full size-full wp-image-8039\" alt=\"\" srcset=\"https:\/\/www.algotronics.fi\/wp-content\/uploads\/2021\/02\/Guje_6.jpg 1333w, https:\/\/www.algotronics.fi\/wp-content\/uploads\/2021\/02\/Guje_6-300x224.jpg 300w, https:\/\/www.algotronics.fi\/wp-content\/uploads\/2021\/02\/Guje_6-1024x764.jpg 1024w, https:\/\/www.algotronics.fi\/wp-content\/uploads\/2021\/02\/Guje_6-768x573.jpg 768w\" sizes=\"(max-width: 1333px) 100vw, 1333px\" \/><\/figure><div class=\"elementor-image-box-content\"><h3 class=\"elementor-image-box-title\">Algotronics Ab<br>Yritt\u00e4j\u00e4 Guy \"Guje\" K\u00e4llberg.<\/h3><p class=\"elementor-image-box-description\"><b>Algotronics Oy on yhden miehen konsultointi yritys IT- ja elektroniikka alalla.<br><br>Perustettu vuonna 1999 Guje K\u00e4llberg,<br>yksityisyritt\u00e4j\u00e4 it-alalla vuodesta 1979.<br><br>Ty\u00f6paikat hoidetaan et\u00e4n\u00e4 Bromarvin pienest\u00e4 saaristokyl\u00e4st\u00e4 Raaseporista Etel\u00e4-Suomesta.<br><br>Yhti\u00f6 on yksi l\u00e4hes 200 000 yritt\u00e4j\u00e4st\u00e4 Suomessa. Ymp\u00e4ri maailmaa olemme miljoonissa, joten ty\u00f6t tehd\u00e4\u00e4n!<\/b><\/p><\/div><\/div>\t\t\t\t<\/div>\n\t\t\t\t<\/div>\n\t\t\t\t<div class=\"elementor-element elementor-element-988212b elementor-widget elementor-widget-spacer\" data-id=\"988212b\" data-element_type=\"widget\" data-e-type=\"widget\" data-widget_type=\"spacer.default\">\n\t\t\t\t<div class=\"elementor-widget-container\">\n\t\t\t\t\t\t\t<div class=\"elementor-spacer\">\n\t\t\t<div class=\"elementor-spacer-inner\"><\/div>\n\t\t<\/div>\n\t\t\t\t\t\t<\/div>\n\t\t\t\t<\/div>\n\t\t\t\t<div class=\"elementor-element elementor-element-c21b384 elementor-widget elementor-widget-heading\" data-id=\"c21b384\" data-element_type=\"widget\" data-e-type=\"widget\" data-widget_type=\"heading.default\">\n\t\t\t\t<div class=\"elementor-widget-container\">\n\t\t\t\t\t<h2 class=\"elementor-heading-title elementor-size-default\">Kolme t\u00e4rke\u00e4\u00e4 sektoria<\/h2>\t\t\t\t<\/div>\n\t\t\t\t<\/div>\n\t\t\t\t<div class=\"elementor-element elementor-element-a6f5409 elementor-widget elementor-widget-text-editor\" data-id=\"a6f5409\" data-element_type=\"widget\" data-e-type=\"widget\" data-widget_type=\"text-editor.default\">\n\t\t\t\t<div class=\"elementor-widget-container\">\n\t\t\t\t\t\t\t\t\t<ul>\n<li>yksinkertaiset IT-ratkaisut<\/li>\n<li>Ohjelmointi<\/li>\n<li>Tietokannat<\/li>\n<li>it-kurssien j\u00e4rjest\u00e4minen<\/li>\n<\/ul>\n<p>Kaikki ruotsiksi, suomeksi ja englanniksi.<\/p>\n\t\t\t\t\t\t\t\t<\/div>\n\t\t\t\t<\/div>\n\t\t\t\t\t<\/div>\n\t\t<\/div>\n\t\t\t\t\t<\/div>\n\t\t<\/section>\n\t\t\t\t<section class=\"elementor-section elementor-top-section elementor-element elementor-element-41ee075 elementor-section-boxed elementor-section-height-default elementor-section-height-default\" data-id=\"41ee075\" data-element_type=\"section\" data-e-type=\"section\" data-settings=\"{&quot;animation&quot;:&quot;none&quot;}\">\n\t\t\t\t\t\t<div class=\"elementor-container elementor-column-gap-default\">\n\t\t\t\t\t<div class=\"elementor-column elementor-col-100 elementor-top-column elementor-element elementor-element-78ba6f2\" data-id=\"78ba6f2\" data-element_type=\"column\" data-e-type=\"column\">\n\t\t\t<div class=\"elementor-widget-wrap elementor-element-populated\">\n\t\t\t\t\t\t<div class=\"elementor-element elementor-element-381cd34 elementor-widget elementor-widget-spacer\" data-id=\"381cd34\" data-element_type=\"widget\" data-e-type=\"widget\" data-widget_type=\"spacer.default\">\n\t\t\t\t<div class=\"elementor-widget-container\">\n\t\t\t\t\t\t\t<div class=\"elementor-spacer\">\n\t\t\t<div class=\"elementor-spacer-inner\"><\/div>\n\t\t<\/div>\n\t\t\t\t\t\t<\/div>\n\t\t\t\t<\/div>\n\t\t\t\t<div class=\"elementor-element elementor-element-22d608c elementor-widget elementor-widget-heading\" data-id=\"22d608c\" data-element_type=\"widget\" data-e-type=\"widget\" data-widget_type=\"heading.default\">\n\t\t\t\t<div class=\"elementor-widget-container\">\n\t\t\t\t\t<h2 class=\"elementor-heading-title elementor-size-default\">Nelj\u00e4 keskeist\u00e4 alaa<\/h2>\t\t\t\t<\/div>\n\t\t\t\t<\/div>\n\t\t\t\t<div class=\"elementor-element elementor-element-3003c0c elementor-widget elementor-widget-text-editor\" data-id=\"3003c0c\" data-element_type=\"widget\" data-e-type=\"widget\" data-widget_type=\"text-editor.default\">\n\t\t\t\t<div class=\"elementor-widget-container\">\n\t\t\t\t\t\t\t\t\t<ol>\n<li>It-osaaminen yritt\u00e4jille ja kuluttajille<\/li>\n<li>Hyvinvointiteknologia, kuten et\u00e4ty\u00f6 ja virtuaalitodellisuus<\/li>\n<li>Hypernopeat kuituverkot harvaan asutuille alueille<\/li>\n<li>Teollisuuden mittausj\u00e4rjestelm\u00e4, IoT<\/li>\n<\/ol>\n\t\t\t\t\t\t\t\t<\/div>\n\t\t\t\t<\/div>\n\t\t\t\t<div class=\"elementor-element elementor-element-fdd68d4 elementor-widget elementor-widget-spacer\" data-id=\"fdd68d4\" data-element_type=\"widget\" data-e-type=\"widget\" data-widget_type=\"spacer.default\">\n\t\t\t\t<div class=\"elementor-widget-container\">\n\t\t\t\t\t\t\t<div class=\"elementor-spacer\">\n\t\t\t<div class=\"elementor-spacer-inner\"><\/div>\n\t\t<\/div>\n\t\t\t\t\t\t<\/div>\n\t\t\t\t<\/div>\n\t\t\t\t<div class=\"elementor-element elementor-element-2e10ded elementor-widget elementor-widget-heading\" data-id=\"2e10ded\" data-element_type=\"widget\" data-e-type=\"widget\" data-widget_type=\"heading.default\">\n\t\t\t\t<div class=\"elementor-widget-container\">\n\t\t\t\t\t<h1 class=\"elementor-heading-title elementor-size-xl\">Olemme monta<\/h1>\t\t\t\t<\/div>\n\t\t\t\t<\/div>\n\t\t\t\t<div class=\"elementor-element elementor-element-fb48fc7 elementor-widget elementor-widget-text-editor\" data-id=\"fb48fc7\" data-element_type=\"widget\" data-e-type=\"widget\" data-widget_type=\"text-editor.default\">\n\t\t\t\t<div class=\"elementor-widget-container\">\n\t\t\t\t\t\t\t\t\t<div>Olen aina ty\u00f6skennellyt yksityisyritt\u00e4j\u00e4n\u00e4 it-alalla. Aloja ovat betoni- ja kohdemaalausteollisuus, tilitoimistot, s\u00e4hk\u00f6urakoitsijat, kalastajat, koulut, VTT, teleoperaattorit, pankit, vakuutusyhti\u00f6t jne.<\/div>\n<div> <\/div>\n<div>Samaan aikaan sosiaalinen verkostoni on kasvanut n\u00e4ill\u00e4 toimialoilla.<\/div>\n<div> <\/div>\n\t\t\t\t\t\t\t\t<\/div>\n\t\t\t\t<\/div>\n\t\t\t\t<div class=\"elementor-element elementor-element-fadabd3 elementor-widget elementor-widget-heading\" data-id=\"fadabd3\" data-element_type=\"widget\" data-e-type=\"widget\" data-widget_type=\"heading.default\">\n\t\t\t\t<div class=\"elementor-widget-container\">\n\t\t\t\t\t<h1 class=\"elementor-heading-title elementor-size-xl\">Olemme monta<\/h1>\t\t\t\t<\/div>\n\t\t\t\t<\/div>\n\t\t\t\t<div class=\"elementor-element elementor-element-f270da7 elementor-widget elementor-widget-text-editor\" data-id=\"f270da7\" data-element_type=\"widget\" data-e-type=\"widget\" data-widget_type=\"text-editor.default\">\n\t\t\t\t<div class=\"elementor-widget-container\">\n\t\t\t\t\t\t\t\t\t<p>En ole ainoa, jolla on yhteyksi\u00e4 yhti\u00f6\u00f6n.<\/p>\n<p>Taustalla on johtoryhm\u00e4, joka miettii sek\u00e4 strategioita ett\u00e4 arkea. Aivan kuten mik\u00e4 tahansa muu yritys.<\/p>\n<p>Ty\u00f6paikkoihin osallistuu useita ihmisi\u00e4. Ty\u00f6yhteis\u00f6 on sama kuin muissakin yrityksiss\u00e4. Sill\u00e4 erolla, ett\u00e4 kollegani ovat muiden palveluksessa.<\/p>\n\t\t\t\t\t\t\t\t<\/div>\n\t\t\t\t<\/div>\n\t\t\t\t<div class=\"elementor-element elementor-element-b61e8ad elementor-widget elementor-widget-spacer\" data-id=\"b61e8ad\" data-element_type=\"widget\" data-e-type=\"widget\" data-widget_type=\"spacer.default\">\n\t\t\t\t<div class=\"elementor-widget-container\">\n\t\t\t\t\t\t\t<div class=\"elementor-spacer\">\n\t\t\t<div class=\"elementor-spacer-inner\"><\/div>\n\t\t<\/div>\n\t\t\t\t\t\t<\/div>\n\t\t\t\t<\/div>\n\t\t\t\t\t<\/div>\n\t\t<\/div>\n\t\t\t\t\t<\/div>\n\t\t<\/section>\n\t\t\t\t<section class=\"elementor-section elementor-top-section elementor-element elementor-element-0c33465 animated-slow elementor-section-boxed elementor-section-height-default elementor-section-height-default elementor-invisible\" data-id=\"0c33465\" data-element_type=\"section\" data-e-type=\"section\" data-settings=\"{&quot;animation&quot;:&quot;fadeInRight&quot;,&quot;background_background&quot;:&quot;classic&quot;,&quot;shape_divider_top&quot;:&quot;opacity-fan&quot;}\">\n\t\t\t\t\t\t\t<div class=\"elementor-background-overlay\"><\/div>\n\t\t\t\t\t\t<div class=\"elementor-shape elementor-shape-top\" aria-hidden=\"true\" data-negative=\"false\">\n\t\t\t<svg xmlns=\"http:\/\/www.w3.org\/2000\/svg\" viewBox=\"0 0 283.5 19.6\" preserveAspectRatio=\"none\">\n\t<path class=\"elementor-shape-fill\" style=\"opacity:0.33\" d=\"M0 0L0 18.8 141.8 4.1 283.5 18.8 283.5 0z\"\/>\n\t<path class=\"elementor-shape-fill\" style=\"opacity:0.33\" d=\"M0 0L0 12.6 141.8 4 283.5 12.6 283.5 0z\"\/>\n\t<path class=\"elementor-shape-fill\" style=\"opacity:0.33\" d=\"M0 0L0 6.4 141.8 4 283.5 6.4 283.5 0z\"\/>\n\t<path class=\"elementor-shape-fill\" d=\"M0 0L0 1.2 141.8 4 283.5 1.2 283.5 0z\"\/>\n<\/svg>\t\t<\/div>\n\t\t\t\t\t<div class=\"elementor-container elementor-column-gap-default\">\n\t\t\t\t\t<div class=\"elementor-column elementor-col-100 elementor-top-column elementor-element elementor-element-3c67b56\" data-id=\"3c67b56\" data-element_type=\"column\" data-e-type=\"column\">\n\t\t\t<div class=\"elementor-widget-wrap elementor-element-populated\">\n\t\t\t\t\t\t<div class=\"elementor-element elementor-element-e6b708c elementor-widget elementor-widget-spacer\" data-id=\"e6b708c\" data-element_type=\"widget\" data-e-type=\"widget\" data-widget_type=\"spacer.default\">\n\t\t\t\t<div class=\"elementor-widget-container\">\n\t\t\t\t\t\t\t<div class=\"elementor-spacer\">\n\t\t\t<div class=\"elementor-spacer-inner\"><\/div>\n\t\t<\/div>\n\t\t\t\t\t\t<\/div>\n\t\t\t\t<\/div>\n\t\t\t\t<div class=\"elementor-element elementor-element-2708fda elementor-widget elementor-widget-heading\" data-id=\"2708fda\" data-element_type=\"widget\" data-e-type=\"widget\" data-widget_type=\"heading.default\">\n\t\t\t\t<div class=\"elementor-widget-container\">\n\t\t\t\t\t<h2 class=\"elementor-heading-title elementor-size-default\"><b>Tarinastani tuli Algotronics.<\/b><\/h2>\t\t\t\t<\/div>\n\t\t\t\t<\/div>\n\t\t\t\t<div class=\"elementor-element elementor-element-5584e6d elementor-widget elementor-widget-spacer\" data-id=\"5584e6d\" data-element_type=\"widget\" data-e-type=\"widget\" data-widget_type=\"spacer.default\">\n\t\t\t\t<div class=\"elementor-widget-container\">\n\t\t\t\t\t\t\t<div class=\"elementor-spacer\">\n\t\t\t<div class=\"elementor-spacer-inner\"><\/div>\n\t\t<\/div>\n\t\t\t\t\t\t<\/div>\n\t\t\t\t<\/div>\n\t\t\t\t<div class=\"elementor-element elementor-element-2fcc68b elementor-widget elementor-widget-text-editor\" data-id=\"2fcc68b\" data-element_type=\"widget\" data-e-type=\"widget\" data-widget_type=\"text-editor.default\">\n\t\t\t\t<div class=\"elementor-widget-container\">\n\t\t\t\t\t\t\t\t\t<p><b>Vuonna 1979 Guje K\u00e4llberg oli innokas 2.&nbsp;<\/b><\/p>\n<p><b>Opintojeni lis\u00e4ksi sain tilauksen rakentaa Partekille IT-pohjaisen laboratorioj\u00e4rjestelm\u00e4n Pargasiin, nyt Nordkalkiin. Silloin minusta tuli yksityisyritt\u00e4j\u00e4, jolla oli oma verokirja F:ma Guy K\u00e4llbergiss\u00e4.<br \/><\/b><\/p>\n<p><b>Sihteerit olivat menneet lakkoon, joten laboratorion johtaja pohti, voisiko laboratoriotuloksia tulostaa tietokoneella. Ilman sihteeri\u00e4.<\/b><\/p>\n<p><b><i>&#8221;Voitko ohjelmoida sellaisen j\u00e4rjestelm\u00e4n?&#8221;<\/i><br \/>kysyi laboratorion johtajalta vuonna 1979.<br \/><\/b><\/p>\n<p><b><i>&#8221;Kaipa min\u00e4 voin.&#8221;<\/i>&nbsp;  Halusin harjoitteluun.<br \/><\/b><\/p>\n<p><b><i>&#8221;No niin, menn\u00e4\u00e4n! Milloin olet valmis?&#8221;<\/i> johtaja kysyi.<\/b><\/p>\n<p><b><i>Sanoin: &#8221;40 vuoden p\u00e4\u00e4st\u00e4.&#8221;<\/i><\/b><\/p>\n<p><b>En min\u00e4 niin sanonut. Olisin kuitenkin voinut sanoa niin, koska j\u00e4rjestelm\u00e4\u00e4 rakennetaan viel\u00e4 t\u00e4n\u00e4\u00e4n, vuonna 2020.<\/b>.<\/p>\n<p>N\u00e4in k\u00e4vi, kun minitietokoneet valloittivat markkinoita. Sitten oli Cobol, Fortran, reik\u00e4kortit ja magneettinauha. Isoja kylmi\u00e4 tietokone halleja. Oli silloin kun digitalisointi alkoi. Kauan ennen kuin Windows oli edes tarkoitettu.<\/p>\n<h2>Kaikki on poissa yht\u00e4 asiaa lukuun ottamatta.<\/h2>\n<p>Sek\u00e4 isot tietokoneet ett\u00e4 reik\u00e4kortit ovat jo kauan olleet poissa. Ei ole Honeywell 66:ta, DEC:t\u00e4 eik\u00e4 Univacia. Jopa IT-kuplan onnenonkijat ovat tulleet ja menneet.<\/p>\n<p>Mutta laboratorioj\u00e4rjestelm\u00e4ni, joka syntyi vuonna 1979 Partekissa, on edelleen &nbsp; <a href=\"https:\/\/www.ido.fi\/\" target=\"_blank\" rel=\"noreferrer noopener\" aria-label=\"Ido porslinsfabrik i Raseborg (opens in a new tab)\">Idon saniteettiposliinitehtaalla Raaseporissa<\/a>, nyt Geberitiss\u00e4.<\/p>\n<h2>Kest\u00e4v\u00e4t IT-ratkaisut<\/h2>\n<p>Oma laboratoriotietojen hallintaj\u00e4rjestelm\u00e4 LIMS toimii t\u00e4ll\u00e4 hetkell\u00e4 nykyaikaisessa hyper-V-virtuaaliymp\u00e4rist\u00f6ss\u00e4 SQLServer 2012:ssa. J\u00e4rjestelm\u00e4 p\u00e4ivitet\u00e4\u00e4n pian uusimpiin Windows-versioihin.<\/p>\n<p>Minun maailmassani ei siis m\u00e4\u00e4rit\u00e4 asiakasm\u00e4\u00e4r\u00e4, vaan yksitt\u00e4isen asiakkaan tarpeet m\u00e4\u00e4ritt\u00e4v\u00e4t, kuinka kauan IT-j\u00e4rjestelm\u00e4n pit\u00e4isi toimia. Joskus j\u00e4rjestelm\u00e4t putoavat pois. Joskus he el\u00e4v\u00e4t.<\/p>\n<h2>Kaksi ty\u00f6t\u00e4 erottuvat<\/h2>\n<p>Kaikista t\u00f6ist\u00e4ni erottuu p\u00e4\u00e4asiassa kaksi <span style=\"color: #ff0000;\">ty\u00f6t\u00e4, \u00b9) Edell\u00e4 mainittu<\/span> LIMS-j\u00e4rjestelm\u00e4 40 vuoden &nbsp; <span style=\"color: #ff0000;\">ajan ja \u00b2)<\/span> teknoksen 31 vuotta k\u00e4ytt\u00e4m\u00e4 <a href=\"https:\/\/www.teknos.com\" target=\"_blank\" rel=\"noopener\">maalinlouhintaohjelma<\/a> WinTm vuoteen 2020 asti.<\/p>\n<p>WinTm-ohjelma sis\u00e4lsi tietokannan sadoista tuhansista v\u00e4riresepteist\u00e4 ja tuhansista murtajista ymp\u00e4ri maailmaa.<\/p>\n<p>Vuosien varrella n\u00e4it\u00e4 ohjelmia on k\u00e4ytetty useita kertoja uusien k\u00e4ytt\u00f6j\u00e4rjestelmien ja tietokoneiden ty\u00f6st\u00e4miseksi.<\/p>\n<div>&nbsp;<\/div>\n<div>&nbsp;<\/div>\n<h2>Erityist\u00e4 kiinnostusta harvaan asutuilla alueilla<\/h2>\n<p>Minua kiinnostaa erityisesti haja-asutusalueiden kehitt\u00e4minen. Min\u00e4 asun siell\u00e4!<\/p>\n<p>Jo vuonna 1998 ymm\u00e4rsin, ett\u00e4 valokuitukaapelit ovat edellytys s\u00e4hk\u00f6isen yhteiskunnan toiminnalle my\u00f6s maaseudulla.<\/p>\n<p>Edes tulevaisuuden nopea 5G muutaman sadan metrin toimintav\u00e4isyyksill\u00e4 ei korvaa optisia kuitukaapeleita, koska 5G edellytt\u00e4\u00e4 mastojen liitt\u00e4mist\u00e4 kuituverkkoon. Sek\u00e4 kyliss\u00e4 ett\u00e4 kaupungeissa.<\/p>\n<h2>Kuitu verkot<\/h2>\n<p>Olen ollut yksi Suomen harrastajista haja-asutusalueiden kuituverkkojen takana.<\/p>\n<p>Vuonna 2013 perustin yhdess\u00e4 teleoperaattori Optowestin, joka aloitti kuituverkon Tenalassa ja Bromarvissa 250 kotitaloudelle. Vastasin teknisest\u00e4 suunnittelusta ja toimin edelleen teknisen\u00e4 neuvonantajana. Joskus tulee yksi kysymys, mutta yleens\u00e4 se on rauhallinen. Verkko vain toimii.<\/p>\n<h2>Pienen datakeskuksen rakentaminen Bromarviin<\/h2>\n<p>Minusta on mielenkiintoista ja haastavaa olla mukana tietoyhteiskunnan rakentamisessa 40 ty\u00f6vuoden ajan.<\/p>\n<p>Juuri nyt rakennan pient\u00e4 datakeskusta Bromarvissa. Mutta sen on oltava erilainen tarina, koska nyt asiakas soittaa&#8230;<\/p><\/p>\n\t\t\t\t\t\t\t\t<\/div>\n\t\t\t\t<\/div>\n\t\t\t\t\t<\/div>\n\t\t<\/div>\n\t\t\t\t\t<\/div>\n\t\t<\/section>\n\t\t\t\t<section class=\"elementor-section elementor-top-section elementor-element elementor-element-2e5c58f elementor-section-boxed elementor-section-height-default elementor-section-height-default\" data-id=\"2e5c58f\" data-element_type=\"section\" data-e-type=\"section\">\n\t\t\t\t\t\t<div class=\"elementor-container elementor-column-gap-default\">\n\t\t\t\t\t<div class=\"elementor-column elementor-col-100 elementor-top-column elementor-element elementor-element-581ee18\" data-id=\"581ee18\" data-element_type=\"column\" data-e-type=\"column\">\n\t\t\t<div class=\"elementor-widget-wrap\">\n\t\t\t\t\t\t\t<\/div>\n\t\t<\/div>\n\t\t\t\t\t<\/div>\n\t\t<\/section>\n\t\t\t\t<section class=\"elementor-section elementor-top-section elementor-element elementor-element-4d09277 elementor-section-boxed elementor-section-height-default elementor-section-height-default\" data-id=\"4d09277\" data-element_type=\"section\" data-e-type=\"section\">\n\t\t\t\t\t\t<div class=\"elementor-container elementor-column-gap-default\">\n\t\t\t\t\t<div class=\"elementor-column elementor-col-100 elementor-top-column elementor-element elementor-element-20813b1\" data-id=\"20813b1\" data-element_type=\"column\" data-e-type=\"column\">\n\t\t\t<div class=\"elementor-widget-wrap elementor-element-populated\">\n\t\t\t\t\t\t<div class=\"elementor-element elementor-element-35ed856 elementor-align-center elementor-button-success elementor-widget elementor-widget-button\" data-id=\"35ed856\" data-element_type=\"widget\" data-e-type=\"widget\" data-widget_type=\"button.default\">\n\t\t\t\t<div class=\"elementor-widget-container\">\n\t\t\t\t\t\t\t\t\t<div class=\"elementor-button-wrapper\">\n\t\t\t\t\t<a class=\"elementor-button elementor-button-link elementor-size-sm\" href=\"#elementor-action%3Aaction%3Dpopup%3Aopen%26settings%3DeyJpZCI6NDI3NCwidG9nZ2xlIjpmYWxzZX0%3D\">\n\t\t\t\t\t\t<span class=\"elementor-button-content-wrapper\">\n\t\t\t\t\t\t<span class=\"elementor-button-icon\">\n\t\t\t\t<i aria-hidden=\"true\" class=\"fas fa-plug\"><\/i>\t\t\t<\/span>\n\t\t\t\t\t\t\t\t\t<span class=\"elementor-button-text\">Ota meihin yhteytt\u00e4...<\/span>\n\t\t\t\t\t<\/span>\n\t\t\t\t\t<\/a>\n\t\t\t\t<\/div>\n\t\t\t\t\t\t\t\t<\/div>\n\t\t\t\t<\/div>\n\t\t\t\t\t<\/div>\n\t\t<\/div>\n\t\t\t\t\t<\/div>\n\t\t<\/section>\n\t\t\t\t<\/div>\n\t\t","protected":false},"excerpt":{"rendered":"<p>Originalspr\u00e5k svenska eWelcome on liiketoimintamme Algotronics AbYritt\u00e4j\u00e4 Guy &#8221;Guje&#8221; K\u00e4llberg. Algotronics Oy on yhden miehen konsultointi yritys IT- ja elektroniikka alalla. Perustettu vuonna 1999 Guje K\u00e4llberg,yksityisyritt\u00e4j\u00e4 it-alalla vuodesta 1979. Ty\u00f6paikat hoidetaan et\u00e4n\u00e4 Bromarvin pienest\u00e4 saaristokyl\u00e4st\u00e4 Raaseporista Etel\u00e4-Suomesta. Yhti\u00f6 on yksi l\u00e4hes 200 000 yritt\u00e4j\u00e4st\u00e4 Suomessa. Ymp\u00e4ri maailmaa olemme miljoonissa, joten ty\u00f6t tehd\u00e4\u00e4n! Kolme t\u00e4rke\u00e4\u00e4 sektoria [&hellip;]<\/p>\n","protected":false},"author":1,"featured_media":0,"parent":0,"menu_order":0,"comment_status":"closed","ping_status":"closed","template":"","meta":{"_monsterinsights_skip_tracking":false,"_monsterinsights_sitenote_active":false,"_monsterinsights_sitenote_note":"","_monsterinsights_sitenote_category":0,"footnotes":""},"class_list":["post-5918","page","type-page","status-publish","hentry","wpbf-post"],"_links":{"self":[{"href":"https:\/\/www.algotronics.fi\/fi\/wp-json\/wp\/v2\/pages\/5918","targetHints":{"allow":["GET"]}}],"collection":[{"href":"https:\/\/www.algotronics.fi\/fi\/wp-json\/wp\/v2\/pages"}],"about":[{"href":"https:\/\/www.algotronics.fi\/fi\/wp-json\/wp\/v2\/types\/page"}],"author":[{"embeddable":true,"href":"https:\/\/www.algotronics.fi\/fi\/wp-json\/wp\/v2\/users\/1"}],"replies":[{"embeddable":true,"href":"https:\/\/www.algotronics.fi\/fi\/wp-json\/wp\/v2\/comments?post=5918"}],"version-history":[{"count":0,"href":"https:\/\/www.algotronics.fi\/fi\/wp-json\/wp\/v2\/pages\/5918\/revisions"}],"wp:attachment":[{"href":"https:\/\/www.algotronics.fi\/fi\/wp-json\/wp\/v2\/media?parent=5918"}],"curies":[{"name":"wp","href":"https:\/\/api.w.org\/{rel}","templated":true}]}}