{"id":8160,"date":"2021-02-26T15:12:23","date_gmt":"2021-02-26T13:12:23","guid":{"rendered":"https:\/\/www.algotronics.fi\/it-tuki\/"},"modified":"2021-02-26T15:12:24","modified_gmt":"2021-02-26T13:12:24","slug":"it-tuki","status":"publish","type":"page","link":"https:\/\/www.algotronics.fi\/fi\/it-tuki\/","title":{"rendered":"IT-tuki"},"content":{"rendered":"\t\t<div data-elementor-type=\"wp-page\" data-elementor-id=\"8160\" class=\"elementor elementor-8160 elementor-7672\" data-elementor-post-type=\"page\">\n\t\t\t\t\t\t<section class=\"elementor-section elementor-top-section elementor-element elementor-element-7ec8be6 elementor-section-full_width elementor-section-height-default elementor-section-height-default\" data-id=\"7ec8be6\" data-element_type=\"section\" data-e-type=\"section\">\n\t\t\t\t\t\t<div class=\"elementor-container elementor-column-gap-default\">\n\t\t\t\t\t<div class=\"elementor-column elementor-col-100 elementor-top-column elementor-element elementor-element-c8b3319\" data-id=\"c8b3319\" data-element_type=\"column\" data-e-type=\"column\">\n\t\t\t<div class=\"elementor-widget-wrap elementor-element-populated\">\n\t\t\t\t\t\t<div class=\"elementor-element elementor-element-5148a2c elementor-widget elementor-widget-heading\" data-id=\"5148a2c\" data-element_type=\"widget\" data-e-type=\"widget\" data-widget_type=\"heading.default\">\n\t\t\t\t<div class=\"elementor-widget-container\">\n\t\t\t\t\t<h2 class=\"elementor-heading-title elementor-size-default\">Sivua p\u00e4ivitet\u00e4\u00e4n, palauta my\u00f6hemmin ...<\/h2>\t\t\t\t<\/div>\n\t\t\t\t<\/div>\n\t\t\t\t<div class=\"elementor-element elementor-element-3608510 elementor-widget elementor-widget-global elementor-global-4409 elementor-global-4402 elementor-widget-heading\" data-id=\"3608510\" data-element_type=\"widget\" data-e-type=\"widget\" data-widget_type=\"heading.default\">\n\t\t\t\t<div class=\"elementor-widget-container\">\n\t\t\t\t\t<h6 class=\"elementor-heading-title elementor-size-default\">Huom! T\u00e4m\u00e4 sivu on konek\u00e4\u00e4nn\u00f6s ruotsista. Joskus onnistuu, joskus ei. Napsauta painiketta oikeassa reunassa jos haluat autta meit\u00e4 k\u00e4\u00e4nn\u00f6ksess\u00e4.<\/h6>\t\t\t\t<\/div>\n\t\t\t\t<\/div>\n\t\t\t\t<div class=\"elementor-element elementor-element-b09f44e elementor-widget elementor-widget-image\" data-id=\"b09f44e\" data-element_type=\"widget\" data-e-type=\"widget\" data-widget_type=\"image.default\">\n\t\t\t\t<div class=\"elementor-widget-container\">\n\t\t\t\t\t\t\t\t\t\t\t\t<figure class=\"wp-caption\">\n\t\t\t\t\t\t\t\t\t\t<img fetchpriority=\"high\" decoding=\"async\" width=\"768\" height=\"512\" src=\"https:\/\/www.algotronics.fi\/wp-content\/uploads\/2020\/10\/Support_Help_sv-768x512.jpg\" class=\"attachment-medium_large size-medium_large wp-image-7659\" alt=\"\" srcset=\"https:\/\/www.algotronics.fi\/wp-content\/uploads\/2020\/10\/Support_Help_sv-768x512.jpg 768w, https:\/\/www.algotronics.fi\/wp-content\/uploads\/2020\/10\/Support_Help_sv-300x200.jpg 300w, https:\/\/www.algotronics.fi\/wp-content\/uploads\/2020\/10\/Support_Help_sv-1024x683.jpg 1024w, https:\/\/www.algotronics.fi\/wp-content\/uploads\/2020\/10\/Support_Help_sv-1536x1024.jpg 1536w, https:\/\/www.algotronics.fi\/wp-content\/uploads\/2020\/10\/Support_Help_sv.jpg 1918w\" sizes=\"(max-width: 768px) 100vw, 768px\" \/>\t\t\t\t\t\t\t\t\t\t\t<figcaption class=\"widget-image-caption wp-caption-text\"><a href=\"https:\/\/pixabay.com\/users\/anncapictures-1564471\/?utm_source=link-attribution&amp;utm_medium=referral&amp;utm_campaign=image&amp;utm_content=1385700\">Valokuva-anncapictures<\/a><\/figcaption>\n\t\t\t\t\t\t\t\t\t\t<\/figure>\n\t\t\t\t\t\t\t\t\t<\/div>\n\t\t\t\t<\/div>\n\t\t\t\t<div class=\"elementor-element elementor-element-4dfca2c elementor-blockquote--skin-boxed elementor-blockquote--align-center elementor-widget elementor-widget-blockquote\" data-id=\"4dfca2c\" data-element_type=\"widget\" data-e-type=\"widget\" data-widget_type=\"blockquote.default\">\n\t\t\t\t<div class=\"elementor-widget-container\">\n\t\t\t\t\t\t\t<blockquote class=\"elementor-blockquote\">\n\t\t\t<p class=\"elementor-blockquote__content\">\n\t\t\t\tJos mik\u00e4\u00e4n ei voi menn\u00e4 pieleen, se menee silti pieleen.\t\t\t<\/p>\n\t\t\t\t\t\t\t<div class=\"e-q-footer\">\n\t\t\t\t\t\t\t\t\t\t\t<cite class=\"elementor-blockquote__author\">Murphy<\/cite>\n\t\t\t\t\t\t\t\t\t\t\t\t\t\t<\/div>\n\t\t\t\t\t<\/blockquote>\n\t\t\t\t\t\t<\/div>\n\t\t\t\t<\/div>\n\t\t\t\t\t<\/div>\n\t\t<\/div>\n\t\t\t\t\t<\/div>\n\t\t<\/section>\n\t\t\t\t<section class=\"elementor-section elementor-top-section elementor-element elementor-element-8adf8c0 elementor-section-boxed elementor-section-height-default elementor-section-height-default\" data-id=\"8adf8c0\" data-element_type=\"section\" data-e-type=\"section\">\n\t\t\t\t\t\t<div class=\"elementor-container elementor-column-gap-default\">\n\t\t\t\t\t<div class=\"elementor-column elementor-col-100 elementor-top-column elementor-element elementor-element-c85542c\" data-id=\"c85542c\" data-element_type=\"column\" data-e-type=\"column\">\n\t\t\t<div class=\"elementor-widget-wrap elementor-element-populated\">\n\t\t\t\t\t\t<div class=\"elementor-element elementor-element-e56b041 elementor-widget elementor-widget-spacer\" data-id=\"e56b041\" data-element_type=\"widget\" data-e-type=\"widget\" data-widget_type=\"spacer.default\">\n\t\t\t\t<div class=\"elementor-widget-container\">\n\t\t\t\t\t\t\t<div class=\"elementor-spacer\">\n\t\t\t<div class=\"elementor-spacer-inner\"><\/div>\n\t\t<\/div>\n\t\t\t\t\t\t<\/div>\n\t\t\t\t<\/div>\n\t\t\t\t<div class=\"elementor-element elementor-element-e931895 elementor-widget elementor-widget-heading\" data-id=\"e931895\" data-element_type=\"widget\" data-e-type=\"widget\" data-widget_type=\"heading.default\">\n\t\t\t\t<div class=\"elementor-widget-container\">\n\t\t\t\t\t<h2 class=\"elementor-heading-title elementor-size-default\">Kaikki tarvitsevat apua tietokoneidensa kanssa<\/h2>\t\t\t\t<\/div>\n\t\t\t\t<\/div>\n\t\t\t\t\t<\/div>\n\t\t<\/div>\n\t\t\t\t\t<\/div>\n\t\t<\/section>\n\t\t\t\t<section class=\"elementor-section elementor-top-section elementor-element elementor-element-6a1b77c elementor-section-boxed elementor-section-height-default elementor-section-height-default\" data-id=\"6a1b77c\" data-element_type=\"section\" data-e-type=\"section\">\n\t\t\t\t\t\t<div class=\"elementor-container elementor-column-gap-default\">\n\t\t\t\t\t<div class=\"elementor-column elementor-col-100 elementor-top-column elementor-element elementor-element-7e54675\" data-id=\"7e54675\" data-element_type=\"column\" data-e-type=\"column\">\n\t\t\t<div class=\"elementor-widget-wrap elementor-element-populated\">\n\t\t\t\t\t\t<div class=\"elementor-element elementor-element-5192f48 elementor-widget elementor-widget-text-editor\" data-id=\"5192f48\" data-element_type=\"widget\" data-e-type=\"widget\" data-widget_type=\"text-editor.default\">\n\t\t\t\t<div class=\"elementor-widget-container\">\n\t\t\t\t\t\t\t\t\t<p>Nuori ja vanha, aloittelija asiantuntijana, kaikki tarvitsemme apua tietokoneiden kanssa. Sin\u00e4 ja min\u00e4. Yksityinen ja ammattimainen. Koko ajan.<\/p>\n<p>Mit\u00e4 toinen ei tied\u00e4, toinen on jo ratkaissut. Niin se tehd\u00e4\u00e4n!<\/p>\n<p>Algotronicsilla on yleens\u00e4 ratkaisuja useimpiin asioihin tietokoneiden suhteen. Ratkaisematta j\u00e4\u00e4m\u00e4tt\u00f6mien kysymysten luettelo on hyvin lyhyt. Yleens\u00e4 ei avoimia kysymyksi\u00e4 ollenkaan.<\/p>\n<p>Ei sill\u00e4, ett\u00e4 tiet\u00e4isimme kaiken niin hyvin. Ei. P\u00e4invastoin. On muitakin, jotka tuntevat asiansa paljon paremmin kuin me. V\u00e4lit\u00e4mme vain heid\u00e4n tietonsa eteenp\u00e4in. P\u00e4\u00e4asiassa Googlen ja kollegoiden kautta. Ja tietenkin 40-kokemuksella alalta.<\/p>\n\t\t\t\t\t\t\t\t<\/div>\n\t\t\t\t<\/div>\n\t\t\t\t<div class=\"elementor-element elementor-element-c3b947a elementor-blockquote--skin-quotation elementor-widget elementor-widget-blockquote\" data-id=\"c3b947a\" data-element_type=\"widget\" data-e-type=\"widget\" data-widget_type=\"blockquote.default\">\n\t\t\t\t<div class=\"elementor-widget-container\">\n\t\t\t\t\t\t\t<blockquote class=\"elementor-blockquote\">\n\t\t\t<p class=\"elementor-blockquote__content\">\n\t\t\t\t<b>Tiesitk\u00f6 sin\u00e4 t\u00e4m\u00e4n?<\/b><br>\nOn harvinaista, ett\u00e4 t\u00e4sm\u00e4lleen sama virhe tapahtuu. Oireet voivat olla samanlaisia, mutta syy on l\u00e4hes aina erilainen.<br>\t\t\t<\/p>\n\t\t\t\t\t\t\t<div class=\"e-q-footer\">\n\t\t\t\t\t\t\t\t\t\t\t<cite class=\"elementor-blockquote__author\">Guje K\u00e4llberg<\/cite>\n\t\t\t\t\t\t\t\t\t\t\t\t\t\t<\/div>\n\t\t\t\t\t<\/blockquote>\n\t\t\t\t\t\t<\/div>\n\t\t\t\t<\/div>\n\t\t\t\t\t<\/div>\n\t\t<\/div>\n\t\t\t\t\t<\/div>\n\t\t<\/section>\n\t\t\t\t<section class=\"elementor-section elementor-top-section elementor-element elementor-element-80c7e06 elementor-section-boxed elementor-section-height-default elementor-section-height-default\" data-id=\"80c7e06\" data-element_type=\"section\" data-e-type=\"section\">\n\t\t\t\t\t\t<div class=\"elementor-container elementor-column-gap-default\">\n\t\t\t\t\t<div class=\"elementor-column elementor-col-100 elementor-top-column elementor-element elementor-element-84d469d\" data-id=\"84d469d\" data-element_type=\"column\" data-e-type=\"column\">\n\t\t\t<div class=\"elementor-widget-wrap elementor-element-populated\">\n\t\t\t\t\t\t<div class=\"elementor-element elementor-element-a0445f6 elementor-widget elementor-widget-spacer\" data-id=\"a0445f6\" data-element_type=\"widget\" data-e-type=\"widget\" data-widget_type=\"spacer.default\">\n\t\t\t\t<div class=\"elementor-widget-container\">\n\t\t\t\t\t\t\t<div class=\"elementor-spacer\">\n\t\t\t<div class=\"elementor-spacer-inner\"><\/div>\n\t\t<\/div>\n\t\t\t\t\t\t<\/div>\n\t\t\t\t<\/div>\n\t\t\t\t<div class=\"elementor-element elementor-element-95a31d2 elementor-widget elementor-widget-heading\" data-id=\"95a31d2\" data-element_type=\"widget\" data-e-type=\"widget\" data-widget_type=\"heading.default\">\n\t\t\t\t<div class=\"elementor-widget-container\">\n\t\t\t\t\t<h2 class=\"elementor-heading-title elementor-size-default\">Vaikein ongelma<\/h2>\t\t\t\t<\/div>\n\t\t\t\t<\/div>\n\t\t\t\t<div class=\"elementor-element elementor-element-3919a05 elementor-widget elementor-widget-text-editor\" data-id=\"3919a05\" data-element_type=\"widget\" data-e-type=\"widget\" data-widget_type=\"text-editor.default\">\n\t\t\t\t<div class=\"elementor-widget-container\">\n\t\t\t\t\t\t\t\t\t<p>Vaikeinta on kysell\u00e4. Jos voit, vastaus tulee todenn\u00e4k\u00f6isesti esiin.<\/p>\n<p>Niin sin\u00e4 teet. Kysymys! Pyyd\u00e4 apua! Napsauta painiketta ja kerro huolestasi.<\/p>\n\t\t\t\t\t\t\t\t<\/div>\n\t\t\t\t<\/div>\n\t\t\t\t<div class=\"elementor-element elementor-element-71e1348 elementor-align-center elementor-button-success elementor-widget elementor-widget-button\" data-id=\"71e1348\" data-element_type=\"widget\" data-e-type=\"widget\" data-widget_type=\"button.default\">\n\t\t\t\t<div class=\"elementor-widget-container\">\n\t\t\t\t\t\t\t\t\t<div class=\"elementor-button-wrapper\">\n\t\t\t\t\t<a class=\"elementor-button elementor-button-link elementor-size-sm\" href=\"#elementor-action%3Aaction%3Dpopup%3Aopen%26settings%3DeyJpZCI6NDI3NCwidG9nZ2xlIjpmYWxzZX0%3D\">\n\t\t\t\t\t\t<span class=\"elementor-button-content-wrapper\">\n\t\t\t\t\t\t<span class=\"elementor-button-icon\">\n\t\t\t\t<i aria-hidden=\"true\" class=\"fas fa-plug\"><\/i>\t\t\t<\/span>\n\t\t\t\t\t\t\t\t\t<span class=\"elementor-button-text\">Kysymys...<\/span>\n\t\t\t\t\t<\/span>\n\t\t\t\t\t<\/a>\n\t\t\t\t<\/div>\n\t\t\t\t\t\t\t\t<\/div>\n\t\t\t\t<\/div>\n\t\t\t\t\t<\/div>\n\t\t<\/div>\n\t\t\t\t\t<\/div>\n\t\t<\/section>\n\t\t\t\t<section class=\"elementor-section elementor-top-section elementor-element elementor-element-b8c1971 elementor-section-boxed elementor-section-height-default elementor-section-height-default\" data-id=\"b8c1971\" data-element_type=\"section\" data-e-type=\"section\">\n\t\t\t\t\t\t<div class=\"elementor-container elementor-column-gap-default\">\n\t\t\t\t\t<div class=\"elementor-column elementor-col-100 elementor-top-column elementor-element elementor-element-48b04d2\" data-id=\"48b04d2\" data-element_type=\"column\" data-e-type=\"column\">\n\t\t\t<div class=\"elementor-widget-wrap elementor-element-populated\">\n\t\t\t\t\t\t<div class=\"elementor-element elementor-element-4c28b3a elementor-widget elementor-widget-spacer\" data-id=\"4c28b3a\" data-element_type=\"widget\" data-e-type=\"widget\" data-widget_type=\"spacer.default\">\n\t\t\t\t<div class=\"elementor-widget-container\">\n\t\t\t\t\t\t\t<div class=\"elementor-spacer\">\n\t\t\t<div class=\"elementor-spacer-inner\"><\/div>\n\t\t<\/div>\n\t\t\t\t\t\t<\/div>\n\t\t\t\t<\/div>\n\t\t\t\t<div class=\"elementor-element elementor-element-c629ac6 elementor-widget elementor-widget-heading\" data-id=\"c629ac6\" data-element_type=\"widget\" data-e-type=\"widget\" data-widget_type=\"heading.default\">\n\t\t\t\t<div class=\"elementor-widget-container\">\n\t\t\t\t\t<h2 class=\"elementor-heading-title elementor-size-default\">Algotronicsilla on osakevastauksia<\/h2>\t\t\t\t<\/div>\n\t\t\t\t<\/div>\n\t\t\t\t<div class=\"elementor-element elementor-element-b53b25c elementor-widget elementor-widget-image\" data-id=\"b53b25c\" data-element_type=\"widget\" data-e-type=\"widget\" data-widget_type=\"image.default\">\n\t\t\t\t<div class=\"elementor-widget-container\">\n\t\t\t\t\t\t\t\t\t\t\t\t\t\t\t<img decoding=\"async\" width=\"1024\" height=\"548\" src=\"https:\/\/www.algotronics.fi\/wp-content\/uploads\/2019\/04\/Digital4_a-1024x548.jpg\" class=\"attachment-large size-large wp-image-4902\" alt=\"\" srcset=\"https:\/\/www.algotronics.fi\/wp-content\/uploads\/2019\/04\/Digital4_a-1024x548.jpg 1024w, https:\/\/www.algotronics.fi\/wp-content\/uploads\/2019\/04\/Digital4_a-300x161.jpg 300w, https:\/\/www.algotronics.fi\/wp-content\/uploads\/2019\/04\/Digital4_a-768x411.jpg 768w, https:\/\/www.algotronics.fi\/wp-content\/uploads\/2019\/04\/Digital4_a.jpg 1694w\" sizes=\"(max-width: 1024px) 100vw, 1024px\" \/>\t\t\t\t\t\t\t\t\t\t\t\t\t\t\t<\/div>\n\t\t\t\t<\/div>\n\t\t\t\t<div class=\"elementor-element elementor-element-81a696b elementor-widget elementor-widget-text-editor\" data-id=\"81a696b\" data-element_type=\"widget\" data-e-type=\"widget\" data-widget_type=\"text-editor.default\">\n\t\t\t\t<div class=\"elementor-widget-container\">\n\t\t\t\t\t\t\t\t\t<p>Varastossamme on paljon vastauksia. Kysyminen ei maksa mit\u00e4\u00e4n. Mutta tietenkin vastaus voi maksaa joskus.<\/p>\n\t\t\t\t\t\t\t\t<\/div>\n\t\t\t\t<\/div>\n\t\t\t\t<div class=\"elementor-element elementor-element-6086986 elementor-align-center elementor-button-success elementor-widget elementor-widget-button\" data-id=\"6086986\" data-element_type=\"widget\" data-e-type=\"widget\" data-widget_type=\"button.default\">\n\t\t\t\t<div class=\"elementor-widget-container\">\n\t\t\t\t\t\t\t\t\t<div class=\"elementor-button-wrapper\">\n\t\t\t\t\t<a class=\"elementor-button elementor-button-link elementor-size-sm\" href=\"#elementor-action%3Aaction%3Dpopup%3Aopen%26settings%3DeyJpZCI6NDI3NCwidG9nZ2xlIjpmYWxzZX0%3D\">\n\t\t\t\t\t\t<span class=\"elementor-button-content-wrapper\">\n\t\t\t\t\t\t<span class=\"elementor-button-icon\">\n\t\t\t\t<i aria-hidden=\"true\" class=\"fas fa-plug\"><\/i>\t\t\t<\/span>\n\t\t\t\t\t\t\t\t\t<span class=\"elementor-button-text\">Kysymys...<\/span>\n\t\t\t\t\t<\/span>\n\t\t\t\t\t<\/a>\n\t\t\t\t<\/div>\n\t\t\t\t\t\t\t\t<\/div>\n\t\t\t\t<\/div>\n\t\t\t\t<div class=\"elementor-element elementor-element-448b876 elementor-widget elementor-widget-spacer\" data-id=\"448b876\" data-element_type=\"widget\" data-e-type=\"widget\" data-widget_type=\"spacer.default\">\n\t\t\t\t<div class=\"elementor-widget-container\">\n\t\t\t\t\t\t\t<div class=\"elementor-spacer\">\n\t\t\t<div class=\"elementor-spacer-inner\"><\/div>\n\t\t<\/div>\n\t\t\t\t\t\t<\/div>\n\t\t\t\t<\/div>\n\t\t\t\t<div class=\"elementor-element elementor-element-1181d52 elementor-widget elementor-widget-heading\" data-id=\"1181d52\" data-element_type=\"widget\" data-e-type=\"widget\" data-widget_type=\"heading.default\">\n\t\t\t\t<div class=\"elementor-widget-container\">\n\t\t\t\t\t<h2 class=\"elementor-heading-title elementor-size-default\">Viimeisimm\u00e4t kysymykset<\/h2>\t\t\t\t<\/div>\n\t\t\t\t<\/div>\n\t\t\t\t<div class=\"elementor-element elementor-element-8aa5851 elementor-widget elementor-widget-lae-testimonials\" data-id=\"8aa5851\" data-element_type=\"widget\" data-e-type=\"widget\" data-widget_type=\"lae-testimonials.default\">\n\t\t\t\t<div class=\"elementor-widget-container\">\n\t\t\t\t\t\n\n<div        class=\"lae-testimonials lae-testimonials-style1 lae-uber-grid-container  lae-grid-auto-column-layout\" >\n\n    \n        \n        \n        \n<div class=\"lae-testimonial  lae-rating-none \" >\n\n    <div class=\"lae-testimonial-text\">\n\n        \n        <h3><strong>Minun piti vaihtaa salasanani pankkiin. Tule k\u00e4ym\u00e4\u00e4n s\u00e4hk\u00f6postilla. Luulen niin. Ei napsauttanut linkki\u00e4.<\/strong><\/h3>\n\n    <\/div>\n\n    <div class=\"lae-testimonial-user\">\n\n        <div class=\"lae-image-wrapper\">\n\n            \n            \n                \n            \n        <\/div><!-- .lae-image-wrapper -->\n\n        <div class=\"lae-user-text\">\n\n            <h4            class=\"lae-author-name\">Saga<\/h4        >\n\n            <div class=\"lae-author-credentials\">El\u00e4kel\u00e4inen<\/div>\n\n        <\/div><!-- .lae-user-text -->\n\n    <\/div><!-- .lae-testimonial-user -->\n\n<\/div><!-- .lae-testimonial -->\n    \n        \n        \n        \n<div class=\"lae-testimonial  lae-rating-none  lae-animate-on-scroll\"  data-animation=&quot;pulse&quot;>\n\n    <div class=\"lae-testimonial-text\">\n\n        \n        <h3>Hyvin tehty! T\u00e4llaisia kehotuksia ei pid\u00e4 koskaan noudattaa.<\/h3>\n<h3>Joku vain kalastaa tietojasi.<\/h3>\n<h3>\u00c4l\u00e4 koskaan anna tunnistetietoja tai pankkitunnuksia! Ei edes omalle perheellesi.<\/h3>\n<p>Luotetut ihmiset ovat tervetulleita osallistumaan, mutta sinun pit\u00e4isi k\u00e4ytt\u00e4\u00e4 omia koodejasi, ei ket\u00e4\u00e4n muuta. Pankit osaavat j\u00e4rjest\u00e4\u00e4 t\u00e4m\u00e4n. Kysy heilt\u00e4!<\/p>\n\n    <\/div>\n\n    <div class=\"lae-testimonial-user\">\n\n        <div class=\"lae-image-wrapper\">\n\n            \n            \n                <img decoding=\"async\" width=\"150\" height=\"150\" src=\"https:\/\/www.algotronics.fi\/wp-content\/uploads\/2019\/04\/IMG_0231-e1554902654895-150x150.jpg\" class=\"lae-image full\" alt=\"\" srcset=\"https:\/\/www.algotronics.fi\/wp-content\/uploads\/2019\/04\/IMG_0231-e1554902654895-150x150.jpg 150w, https:\/\/www.algotronics.fi\/wp-content\/uploads\/2019\/04\/IMG_0231-e1554902654895-300x300.jpg 300w, https:\/\/www.algotronics.fi\/wp-content\/uploads\/2019\/04\/IMG_0231-e1554902654895-768x768.jpg 768w, https:\/\/www.algotronics.fi\/wp-content\/uploads\/2019\/04\/IMG_0231-e1554902654895-600x600.jpg 600w, https:\/\/www.algotronics.fi\/wp-content\/uploads\/2019\/04\/IMG_0231-e1554902654895.jpg 960w\" sizes=\"(max-width: 150px) 100vw, 150px\" \/>\n            \n        <\/div><!-- .lae-image-wrapper -->\n\n        <div class=\"lae-user-text\">\n\n            <h4            class=\"lae-author-name\">Guje<\/h4        >\n\n            <div class=\"lae-author-credentials\">IT-konsultti senioreille<\/div>\n\n        <\/div><!-- .lae-user-text -->\n\n    <\/div><!-- .lae-testimonial-user -->\n\n<\/div><!-- .lae-testimonial -->\n    \n        \n        \n        \n<div class=\"lae-testimonial  lae-rating-none \" >\n\n    <div class=\"lae-testimonial-text\">\n\n        \n        <h3><strong>T-SQL INSERT antaa virhesanoman &#8221;Lokiryhm\u00e4n dl_density&#8221;. Syy Cast-m\u00e4\u00e4rityksen merkkiarvo ei kelpaa.&#8221; Etsin koko p\u00e4iv\u00e4n, etk\u00f6 ymm\u00e4rr\u00e4, miss\u00e4 vika voi olla.<\/strong><\/h3>\n\n    <\/div>\n\n    <div class=\"lae-testimonial-user\">\n\n        <div class=\"lae-image-wrapper\">\n\n            \n            \n                \n            \n        <\/div><!-- .lae-image-wrapper -->\n\n        <div class=\"lae-user-text\">\n\n            <h4            class=\"lae-author-name\">Kenneth<\/h4        >\n\n            <div class=\"lae-author-credentials\">Yritysasiakas<\/div>\n\n        <\/div><!-- .lae-user-text -->\n\n    <\/div><!-- .lae-testimonial-user -->\n\n<\/div><!-- .lae-testimonial -->\n    \n        \n        \n        \n<div class=\"lae-testimonial  lae-rating-none \" >\n\n    <div class=\"lae-testimonial-text\">\n\n        \n        <h3>Kuten tavallista, virhesanoma ei anna mit\u00e4\u00e4n viitteit\u00e4 siit\u00e4, mik\u00e4 virhe on ja miss\u00e4 se sijaitsee.<\/h3>\n<h3>Havaitsin, ett\u00e4 sarake, jossa virhe ilmenee, on nimelt\u00e4\u00e4n RowGUID ja se on perusavain, jonka tyyppi on &#8221;uniqueidentifier&#8221;.<\/h3>\n<h3>Kolmannen osapuolen softassa on virhe, koska se ei tunnista tyyppi\u00e4 &#8221;uniqueidentifier&#8221; ensisijaiseksi avaimeksi.<\/h3>\n<p>Tai olet lukenut heid\u00e4n dokumentaationsa huonosti.<\/p>\n\n    <\/div>\n\n    <div class=\"lae-testimonial-user\">\n\n        <div class=\"lae-image-wrapper\">\n\n            \n            \n                <img loading=\"lazy\" decoding=\"async\" width=\"150\" height=\"150\" src=\"https:\/\/www.algotronics.fi\/wp-content\/uploads\/2019\/04\/IMG_0234-e1554714218336-150x150.jpg\" class=\"lae-image full\" alt=\"\" srcset=\"https:\/\/www.algotronics.fi\/wp-content\/uploads\/2019\/04\/IMG_0234-e1554714218336-150x150.jpg 150w, https:\/\/www.algotronics.fi\/wp-content\/uploads\/2019\/04\/IMG_0234-e1554714218336-300x300.jpg 300w, https:\/\/www.algotronics.fi\/wp-content\/uploads\/2019\/04\/IMG_0234-e1554714218336-768x768.jpg 768w, https:\/\/www.algotronics.fi\/wp-content\/uploads\/2019\/04\/IMG_0234-e1554714218336-600x600.jpg 600w, https:\/\/www.algotronics.fi\/wp-content\/uploads\/2019\/04\/IMG_0234-e1554714218336.jpg 960w\" sizes=\"(max-width: 150px) 100vw, 150px\" \/>\n            \n        <\/div><!-- .lae-image-wrapper -->\n\n        <div class=\"lae-user-text\">\n\n            <h4            class=\"lae-author-name\">Guje<\/h4        >\n\n            <div class=\"lae-author-credentials\">SQL-asiantuntija<\/div>\n\n        <\/div><!-- .lae-user-text -->\n\n    <\/div><!-- .lae-testimonial-user -->\n\n<\/div><!-- .lae-testimonial -->\n    \n        \n        \n        \n<div class=\"lae-testimonial  lae-rating-none \" >\n\n    <div class=\"lae-testimonial-text\">\n\n        \n        <h3><strong>Voitko j\u00e4rjest\u00e4\u00e4 Teams and Zoom -kurssin yrityksellemme, 15 yrityksellemme?<\/strong><\/h3>\n\n    <\/div>\n\n    <div class=\"lae-testimonial-user\">\n\n        <div class=\"lae-image-wrapper\">\n\n            \n            \n                \n            \n        <\/div><!-- .lae-image-wrapper -->\n\n        <div class=\"lae-user-text\">\n\n            <h4            class=\"lae-author-name\">Lisa<\/h4        >\n\n            <div class=\"lae-author-credentials\">Yritt\u00e4j\u00e4t<\/div>\n\n        <\/div><!-- .lae-user-text -->\n\n    <\/div><!-- .lae-testimonial-user -->\n\n<\/div><!-- .lae-testimonial -->\n    \n        \n        \n        \n<div class=\"lae-testimonial  lae-rating-none \" >\n\n    <div class=\"lae-testimonial-text\">\n\n        \n        <h3>Ei se mit\u00e4\u00e4n. Milt\u00e4 ensi kuussa 23. Ensimm\u00e4inen ryhm\u00e4 kello 10.m ja toinen kymmenelt\u00e4 .m. 13.<\/h3>\n\n    <\/div>\n\n    <div class=\"lae-testimonial-user\">\n\n        <div class=\"lae-image-wrapper\">\n\n            \n            \n                <img loading=\"lazy\" decoding=\"async\" width=\"150\" height=\"150\" src=\"https:\/\/www.algotronics.fi\/wp-content\/uploads\/2019\/04\/IMG_0228-e1554902484431-150x150.jpg\" class=\"lae-image full\" alt=\"\" srcset=\"https:\/\/www.algotronics.fi\/wp-content\/uploads\/2019\/04\/IMG_0228-e1554902484431-150x150.jpg 150w, https:\/\/www.algotronics.fi\/wp-content\/uploads\/2019\/04\/IMG_0228-e1554902484431-600x600.jpg 600w\" sizes=\"(max-width: 150px) 100vw, 150px\" \/>\n            \n        <\/div><!-- .lae-image-wrapper -->\n\n        <div class=\"lae-user-text\">\n\n            <h4            class=\"lae-author-name\">Guje<\/h4        >\n\n            <div class=\"lae-author-credentials\">IT-kouluttajat<\/div>\n\n        <\/div><!-- .lae-user-text -->\n\n    <\/div><!-- .lae-testimonial-user -->\n\n<\/div><!-- .lae-testimonial -->\n    \n<\/div><!-- .lae-testimonials -->\n\n<div class=\"lae-clear\"><\/div>\t\t\t\t<\/div>\n\t\t\t\t<\/div>\n\t\t\t\t\t<\/div>\n\t\t<\/div>\n\t\t\t\t\t<\/div>\n\t\t<\/section>\n\t\t\t\t<\/div>\n\t\t","protected":false},"excerpt":{"rendered":"<p>Sivua p\u00e4ivitet\u00e4\u00e4n, palauta my\u00f6hemmin &#8230; Originalspr\u00e5k svenska Foto anncapictures Jos mik\u00e4\u00e4n ei voi menn\u00e4 pieleen, se menee silti pieleen. Murphy Kaikki tarvitsevat apua tietokoneidensa kanssa Nuori ja vanha, aloittelija asiantuntijana, kaikki tarvitsemme apua tietokoneiden kanssa. Sin\u00e4 ja min\u00e4. Yksityinen ja ammattimainen. Koko ajan. Mit\u00e4 toinen ei tied\u00e4, toinen on jo ratkaissut. Niin se tehd\u00e4\u00e4n! Algotronicsilla [&hellip;]<\/p>\n","protected":false},"author":1,"featured_media":0,"parent":0,"menu_order":0,"comment_status":"closed","ping_status":"closed","template":"","meta":{"_monsterinsights_skip_tracking":false,"_monsterinsights_sitenote_active":false,"_monsterinsights_sitenote_note":"","_monsterinsights_sitenote_category":0,"footnotes":""},"class_list":["post-8160","page","type-page","status-publish","hentry","wpbf-post"],"_links":{"self":[{"href":"https:\/\/www.algotronics.fi\/fi\/wp-json\/wp\/v2\/pages\/8160","targetHints":{"allow":["GET"]}}],"collection":[{"href":"https:\/\/www.algotronics.fi\/fi\/wp-json\/wp\/v2\/pages"}],"about":[{"href":"https:\/\/www.algotronics.fi\/fi\/wp-json\/wp\/v2\/types\/page"}],"author":[{"embeddable":true,"href":"https:\/\/www.algotronics.fi\/fi\/wp-json\/wp\/v2\/users\/1"}],"replies":[{"embeddable":true,"href":"https:\/\/www.algotronics.fi\/fi\/wp-json\/wp\/v2\/comments?post=8160"}],"version-history":[{"count":0,"href":"https:\/\/www.algotronics.fi\/fi\/wp-json\/wp\/v2\/pages\/8160\/revisions"}],"wp:attachment":[{"href":"https:\/\/www.algotronics.fi\/fi\/wp-json\/wp\/v2\/media?parent=8160"}],"curies":[{"name":"wp","href":"https:\/\/api.w.org\/{rel}","templated":true}]}}